{"id":1506,"date":"2025-11-05T08:16:48","date_gmt":"2025-11-05T08:16:48","guid":{"rendered":"https:\/\/ancare.net.vn\/?page_id=1506"},"modified":"2026-04-15T12:12:05","modified_gmt":"2026-04-15T12:12:05","slug":"https-ancare-net-vn-page_id1506","status":"publish","type":"page","link":"https:\/\/ancare.net.vn\/?page_id=1506","title":{"rendered":"N\u01b0\u1edbc r\u1eeda ch\u00e9n b\u00e1t"},"content":{"rendered":"\n\t<section class=\"section\" id=\"section_1274276167\">\n\t\t<div class=\"bg section-bg fill bg-fill  bg-loaded\" >\n\n\t\t\t\n\t\t\t\n\t\t\t\n\n\t\t<\/div>\n\n\t\t\n\n\t\t<div class=\"section-content relative\">\n\t\t\t\n\n\n  <div class=\"banner has-hover\" id=\"banner-441293483\">\n          <div class=\"banner-inner fill\">\n        <div class=\"banner-bg fill\" >\n            <div class=\"bg fill bg-fill \"><\/div>\n                        <div class=\"overlay\"><\/div>            \n                    <\/div>\n\t\t\n        <div class=\"banner-layers container\">\n            <div class=\"fill banner-link\"><\/div>            \n\n   <div id=\"text-box-1830104412\" class=\"text-box banner-layer x0 md-x0 lg-x0 y0 md-y0 lg-y0 res-text\">\n                                <div class=\"text-box-content text dark\">\n              \n              <div class=\"text-inner text-center\">\n                  \n\n\t<div class=\"img has-hover x md-x lg-x y md-y lg-y\" id=\"image_617725477\">\n\t\t<a class=\"image-lightbox lightbox-gallery\" title=\"\" href=\"https:\/\/ancare.net.vn\/wp-content\/uploads\/2026\/01\/1225NRCB-MODAU-1-800x800.jpg\">\t\t\t\t\t\t<div class=\"img-inner box-shadow-2 dark\" >\n\t\t\t<img fetchpriority=\"high\" decoding=\"async\" width=\"800\" height=\"800\" src=\"https:\/\/ancare.net.vn\/wp-content\/uploads\/2026\/01\/1225NRCB-MODAU-1-800x800.jpg\" class=\"attachment-large size-large\" alt=\"\" srcset=\"https:\/\/ancare.net.vn\/wp-content\/uploads\/2026\/01\/1225NRCB-MODAU-1-800x800.jpg 800w, https:\/\/ancare.net.vn\/wp-content\/uploads\/2026\/01\/1225NRCB-MODAU-1-400x400.jpg 400w, https:\/\/ancare.net.vn\/wp-content\/uploads\/2026\/01\/1225NRCB-MODAU-1-280x280.jpg 280w, https:\/\/ancare.net.vn\/wp-content\/uploads\/2026\/01\/1225NRCB-MODAU-1-768x768.jpg 768w, https:\/\/ancare.net.vn\/wp-content\/uploads\/2026\/01\/1225NRCB-MODAU-1-510x510.jpg 510w, https:\/\/ancare.net.vn\/wp-content\/uploads\/2026\/01\/1225NRCB-MODAU-1-100x100.jpg 100w, https:\/\/ancare.net.vn\/wp-content\/uploads\/2026\/01\/1225NRCB-MODAU-1.jpg 1500w\" sizes=\"(max-width: 800px) 100vw, 800px\" \/>\t\t\t\t\t\t\n\t\t\t\t\t<\/div>\n\t\t\t\t\t\t<\/a>\t\t\n<style>\n#image_617725477 {\n  width: 100%;\n}\n<\/style>\n\t<\/div>\n\t\n\n\n              <\/div>\n           <\/div>\n                            \n<style>\n#text-box-1830104412 {\n  width: 32%;\n}\n#text-box-1830104412 .text-box-content {\n  font-size: 100%;\n}\n@media (min-width:550px) {\n  #text-box-1830104412 {\n    width: 33%;\n  }\n}\n<\/style>\n    <\/div>\n \n   <div id=\"text-box-690240533\" class=\"text-box banner-layer x95 md-x100 lg-x35 y0 md-y0 lg-y0 res-text\">\n                                <div class=\"text-box-content text dark\">\n              \n              <div class=\"text-inner text-center\">\n                  \n\n\t<div id=\"text-2973072879\" class=\"text\">\n\t\t\n\n<p class=\"thin-font\" style=\"text-align: left;\" data-line-height=\"l\">N\u01b0\u1edbc r\u1eeda ch\u00e9n b\u00e1t AN CARE, Cam &amp; Qu\u1ebf &#8211; D\u1ecbch chi\u1ebft b\u1ed3 h\u00f2n 780g<\/p>\n\t\t\n<style>\n#text-2973072879 {\n  font-size: 1.25rem;\n  line-height: 0.75;\n  color: rgb(0,0,0);\n}\n#text-2973072879 > * {\n  color: rgb(0,0,0);\n}\n@media (min-width:550px) {\n  #text-2973072879 {\n    font-size: 1.5rem;\n  }\n}\n<\/style>\n\t<\/div>\n\t\n\n              <\/div>\n           <\/div>\n                            \n<style>\n#text-box-690240533 {\n  width: 61%;\n}\n#text-box-690240533 .text-box-content {\n  font-size: 100%;\n}\n@media (min-width:550px) {\n  #text-box-690240533 {\n    width: 76%;\n  }\n}\n@media (min-width:850px) {\n  #text-box-690240533 {\n    width: 74%;\n  }\n}\n<\/style>\n    <\/div>\n \n   <div id=\"text-box-1617132333\" class=\"text-box banner-layer x35 md-x35 lg-x35 y70 md-y30 lg-y30 res-text\">\n                                <div class=\"text-box-content text dark\">\n              \n              <div class=\"text-inner text-center\">\n                  \n\n\t<div id=\"text-2840480825\" class=\"text\">\n\t\t\n\n<p style=\"text-align: left;\">Th\u01b0\u01a1ng hi\u1ec7u: <span data-text-color=\"success\">AN CARE<br \/><\/span>T\u00ecnh tr\u1ea1ng:<span data-text-color=\"success\"> S\u1eafp ra m\u1eaft<br \/><\/span>Kh\u1ed1i l\u01b0\u1ee3ng t\u1ecbnh:<span data-text-color=\"success\"> 780g<\/span><\/p>\n\t\t\n<style>\n#text-2840480825 {\n  line-height: 1.45;\n  color: rgb(0,0,0);\n}\n#text-2840480825 > * {\n  color: rgb(0,0,0);\n}\n<\/style>\n\t<\/div>\n\t\n\n              <\/div>\n           <\/div>\n                            \n<style>\n#text-box-1617132333 {\n  width: 21%;\n}\n#text-box-1617132333 .text-box-content {\n  font-size: 100%;\n}\n<\/style>\n    <\/div>\n \n   <div id=\"text-box-1819772256\" class=\"text-box banner-layer x95 md-x100 lg-x100 y40 md-y25 lg-y25 res-text\">\n                                <div class=\"text-box-content text dark\">\n              \n              <div class=\"text-inner text-center\">\n                  \n\n<div class=\"is-divider divider clearfix\" style=\"margin-top:1px;margin-bottom:1px;max-width:10000px;height:2px;background-color:rgb(241, 241, 241);\"><\/div>\n\n\n              <\/div>\n           <\/div>\n                            \n<style>\n#text-box-1819772256 {\n  width: 65%;\n}\n#text-box-1819772256 .text-box-content {\n  font-size: 100%;\n}\n<\/style>\n    <\/div>\n \n   <div id=\"text-box-731880541\" class=\"text-box banner-layer x100 md-x100 lg-x100 y70 md-y60 lg-y60 res-text\">\n                                <div class=\"text-box-content text dark\">\n              \n              <div class=\"text-inner text-center\">\n                  \n\n<div class=\"is-divider divider clearfix\" style=\"margin-top:1px;margin-bottom:1px;max-width:1000px;height:2px;background-color:rgb(241, 241, 241);\"><\/div>\n\n\n              <\/div>\n           <\/div>\n                            \n<style>\n#text-box-731880541 {\n  width: 65%;\n}\n#text-box-731880541 .text-box-content {\n  font-size: 100%;\n}\n<\/style>\n    <\/div>\n \n   <div id=\"text-box-765801170\" class=\"text-box banner-layer x35 md-x35 lg-x35 y85 md-y75 lg-y75 res-text\">\n                                <div class=\"text-box-content text dark\">\n              \n              <div class=\"text-inner text-center\">\n                  \n\n<a href=\"https:\/\/ancare.net.vn\/?page_id=508\" target=\"_blank\" class=\"button success expand\" rel=\"noopener\"  style=\"border-radius:99px;\">\n    <span>Mua ngay<\/span>\n  <\/a>\n\n\n\n              <\/div>\n           <\/div>\n                            \n<style>\n#text-box-765801170 {\n  width: 25%;\n}\n#text-box-765801170 .text-box-content {\n  font-size: 100%;\n}\n@media (min-width:550px) {\n  #text-box-765801170 {\n    width: 16%;\n  }\n}\n<\/style>\n    <\/div>\n \n   <div id=\"text-box-1162109137\" class=\"text-box banner-layer x50 md-x85 lg-x50 y30 md-y65 lg-y15 res-text\">\n                                <div class=\"text-box-content text dark\">\n              \n              <div class=\"text-inner text-center\">\n                  \n\n\t<div id=\"text-1728777359\" class=\"text\">\n\t\t\n\n<h3 style=\"text-align: left;\"><strong>89,000\u0111<\/strong><\/h3>\n\t\t\n<style>\n#text-1728777359 {\n  color: #7a9c59;\n}\n#text-1728777359 > * {\n  color: #7a9c59;\n}\n<\/style>\n\t<\/div>\n\t\n\n              <\/div>\n           <\/div>\n                            \n<style>\n#text-box-1162109137 {\n  width: 29%;\n}\n#text-box-1162109137 .text-box-content {\n  font-size: 100%;\n}\n<\/style>\n    <\/div>\n \n\n        <\/div>\n      <\/div>\n\n            \n<style>\n#banner-441293483 {\n  padding-top: 396px;\n}\n#banner-441293483 .overlay {\n  background-color: rgb(255, 255, 255);\n}\n@media (min-width:550px) {\n  #banner-441293483 {\n    padding-top: 404px;\n  }\n}\n<\/style>\n  <\/div>\n\n\n\n\t\t<\/div>\n\n\t\t\n<style>\n#section_1274276167 {\n  padding-top: 30px;\n  padding-bottom: 30px;\n}\n<\/style>\n\t<\/section>\n\t\n\t<section class=\"section\" id=\"section_233127260\">\n\t\t<div class=\"bg section-bg fill bg-fill  bg-loaded\" >\n\n\t\t\t\n\t\t\t\n\t\t\t\n\n\t\t<\/div>\n\n\t\t\n\n\t\t<div class=\"section-content relative\">\n\t\t\t\n\n<div class=\"row row-full-width row-box-shadow-3\"  id=\"row-855786378\">\n\n\n\t<div id=\"col-1704603193\" class=\"col medium-3 small-6 large-3\"  >\n\t\t\t\t<div class=\"col-inner\"  >\n\t\t\t\n\t\t\t\n\n\t<div class=\"img has-hover x md-x lg-x y md-y lg-y\" id=\"image_185853631\">\n\t\t<a class=\"image-lightbox lightbox-gallery\" title=\"\" href=\"https:\/\/ancare.net.vn\/wp-content\/uploads\/2026\/02\/PHANHUYSINHHOC-800x800.png\">\t\t\t\t\t\t<div class=\"img-inner dark\" >\n\t\t\t<img decoding=\"async\" width=\"800\" height=\"800\" src=\"https:\/\/ancare.net.vn\/wp-content\/uploads\/2026\/02\/PHANHUYSINHHOC-800x800.png\" class=\"attachment-large size-large\" alt=\"\" srcset=\"https:\/\/ancare.net.vn\/wp-content\/uploads\/2026\/02\/PHANHUYSINHHOC-800x800.png 800w, https:\/\/ancare.net.vn\/wp-content\/uploads\/2026\/02\/PHANHUYSINHHOC-400x400.png 400w, https:\/\/ancare.net.vn\/wp-content\/uploads\/2026\/02\/PHANHUYSINHHOC-280x280.png 280w, https:\/\/ancare.net.vn\/wp-content\/uploads\/2026\/02\/PHANHUYSINHHOC-768x768.png 768w, https:\/\/ancare.net.vn\/wp-content\/uploads\/2026\/02\/PHANHUYSINHHOC-510x510.png 510w, https:\/\/ancare.net.vn\/wp-content\/uploads\/2026\/02\/PHANHUYSINHHOC-100x100.png 100w, https:\/\/ancare.net.vn\/wp-content\/uploads\/2026\/02\/PHANHUYSINHHOC.png 1500w\" sizes=\"(max-width: 800px) 100vw, 800px\" \/>\t\t\t\t\t\t\n\t\t\t\t\t<\/div>\n\t\t\t\t\t\t<\/a>\t\t\n<style>\n#image_185853631 {\n  width: 100%;\n}\n<\/style>\n\t<\/div>\n\t\n\n\n\t\t<\/div>\n\t\t\t\t\t<\/div>\n\n\t\n\n\t<div id=\"col-530923407\" class=\"col medium-3 small-6 large-3\"  >\n\t\t\t\t<div class=\"col-inner\"  >\n\t\t\t\n\t\t\t\n\n\t<div class=\"img has-hover x md-x lg-x y md-y lg-y\" id=\"image_669807227\">\n\t\t<a class=\"image-lightbox lightbox-gallery\" title=\"\" href=\"https:\/\/ancare.net.vn\/wp-content\/uploads\/2026\/01\/1225NRCB-TT-800x800.jpg\">\t\t\t\t\t\t<div class=\"img-inner dark\" >\n\t\t\t<img decoding=\"async\" width=\"800\" height=\"800\" src=\"https:\/\/ancare.net.vn\/wp-content\/uploads\/2026\/01\/1225NRCB-TT-800x800.jpg\" class=\"attachment-large size-large\" alt=\"\" srcset=\"https:\/\/ancare.net.vn\/wp-content\/uploads\/2026\/01\/1225NRCB-TT-800x800.jpg 800w, https:\/\/ancare.net.vn\/wp-content\/uploads\/2026\/01\/1225NRCB-TT-400x400.jpg 400w, https:\/\/ancare.net.vn\/wp-content\/uploads\/2026\/01\/1225NRCB-TT-280x280.jpg 280w, https:\/\/ancare.net.vn\/wp-content\/uploads\/2026\/01\/1225NRCB-TT-768x768.jpg 768w, https:\/\/ancare.net.vn\/wp-content\/uploads\/2026\/01\/1225NRCB-TT-510x510.jpg 510w, https:\/\/ancare.net.vn\/wp-content\/uploads\/2026\/01\/1225NRCB-TT-100x100.jpg 100w, https:\/\/ancare.net.vn\/wp-content\/uploads\/2026\/01\/1225NRCB-TT.jpg 1500w\" sizes=\"(max-width: 800px) 100vw, 800px\" \/>\t\t\t\t\t\t\n\t\t\t\t\t<\/div>\n\t\t\t\t\t\t<\/a>\t\t\n<style>\n#image_669807227 {\n  width: 100%;\n}\n<\/style>\n\t<\/div>\n\t\n\n\n\t\t<\/div>\n\t\t\t\t\t<\/div>\n\n\t\n\n\t<div id=\"col-415855839\" class=\"col medium-3 small-6 large-3\"  >\n\t\t\t\t<div class=\"col-inner\"  >\n\t\t\t\n\t\t\t\n\n\t<div class=\"img has-hover x md-x lg-x y md-y lg-y\" id=\"image_1258020444\">\n\t\t<a class=\"image-lightbox lightbox-gallery\" title=\"\" href=\"https:\/\/ancare.net.vn\/wp-content\/uploads\/2026\/01\/1225NRCB-TP-800x800.jpg\">\t\t\t\t\t\t<div class=\"img-inner dark\" >\n\t\t\t<img loading=\"lazy\" decoding=\"async\" width=\"800\" height=\"800\" src=\"https:\/\/ancare.net.vn\/wp-content\/uploads\/2026\/01\/1225NRCB-TP-800x800.jpg\" class=\"attachment-large size-large\" alt=\"\" srcset=\"https:\/\/ancare.net.vn\/wp-content\/uploads\/2026\/01\/1225NRCB-TP-800x800.jpg 800w, https:\/\/ancare.net.vn\/wp-content\/uploads\/2026\/01\/1225NRCB-TP-400x400.jpg 400w, https:\/\/ancare.net.vn\/wp-content\/uploads\/2026\/01\/1225NRCB-TP-280x280.jpg 280w, https:\/\/ancare.net.vn\/wp-content\/uploads\/2026\/01\/1225NRCB-TP-768x768.jpg 768w, https:\/\/ancare.net.vn\/wp-content\/uploads\/2026\/01\/1225NRCB-TP-510x510.jpg 510w, https:\/\/ancare.net.vn\/wp-content\/uploads\/2026\/01\/1225NRCB-TP-100x100.jpg 100w, https:\/\/ancare.net.vn\/wp-content\/uploads\/2026\/01\/1225NRCB-TP.jpg 1500w\" sizes=\"(max-width: 800px) 100vw, 800px\" \/>\t\t\t\t\t\t\n\t\t\t\t\t<\/div>\n\t\t\t\t\t\t<\/a>\t\t\n<style>\n#image_1258020444 {\n  width: 100%;\n}\n<\/style>\n\t<\/div>\n\t\n\n\n\t\t<\/div>\n\t\t\t\t\t<\/div>\n\n\t\n\n\t<div id=\"col-959948107\" class=\"col medium-3 small-6 large-3\"  >\n\t\t\t\t<div class=\"col-inner\"  >\n\t\t\t\n\t\t\t\n\n\t<div class=\"img has-hover x md-x lg-x y md-y lg-y\" id=\"image_1707850577\">\n\t\t<a class=\"image-lightbox lightbox-gallery\" title=\"\" href=\"https:\/\/ancare.net.vn\/wp-content\/uploads\/2026\/01\/1225NRCB-DT-800x800.png\">\t\t\t\t\t\t<div class=\"img-inner dark\" >\n\t\t\t<img loading=\"lazy\" decoding=\"async\" width=\"800\" height=\"800\" src=\"https:\/\/ancare.net.vn\/wp-content\/uploads\/2026\/01\/1225NRCB-DT-800x800.png\" class=\"attachment-large size-large\" alt=\"\" srcset=\"https:\/\/ancare.net.vn\/wp-content\/uploads\/2026\/01\/1225NRCB-DT-800x800.png 800w, https:\/\/ancare.net.vn\/wp-content\/uploads\/2026\/01\/1225NRCB-DT-400x400.png 400w, https:\/\/ancare.net.vn\/wp-content\/uploads\/2026\/01\/1225NRCB-DT-280x280.png 280w, https:\/\/ancare.net.vn\/wp-content\/uploads\/2026\/01\/1225NRCB-DT-768x768.png 768w, https:\/\/ancare.net.vn\/wp-content\/uploads\/2026\/01\/1225NRCB-DT-510x510.png 510w, https:\/\/ancare.net.vn\/wp-content\/uploads\/2026\/01\/1225NRCB-DT-100x100.png 100w, https:\/\/ancare.net.vn\/wp-content\/uploads\/2026\/01\/1225NRCB-DT.png 1500w\" sizes=\"(max-width: 800px) 100vw, 800px\" \/>\t\t\t\t\t\t\n\t\t\t\t\t<\/div>\n\t\t\t\t\t\t<\/a>\t\t\n<style>\n#image_1707850577 {\n  width: 100%;\n}\n<\/style>\n\t<\/div>\n\t\n\n\n\t\t<\/div>\n\t\t\t\t\t<\/div>\n\n\t\n\n\t<div id=\"col-263008637\" class=\"col medium-3 small-12 large-3\"  >\n\t\t\t\t<div class=\"col-inner\"  >\n\t\t\t\n\t\t\t\n\n\t<div class=\"img has-hover x md-x lg-x y md-y lg-y\" id=\"image_164305943\">\n\t\t<a class=\"image-lightbox lightbox-gallery\" title=\"\" href=\"https:\/\/ancare.net.vn\/wp-content\/uploads\/2026\/01\/1225NRCB-HD-800x800.jpg\">\t\t\t\t\t\t<div class=\"img-inner dark\" >\n\t\t\t<img loading=\"lazy\" decoding=\"async\" width=\"800\" height=\"800\" src=\"https:\/\/ancare.net.vn\/wp-content\/uploads\/2026\/01\/1225NRCB-HD-800x800.jpg\" class=\"attachment-large size-large\" alt=\"\" srcset=\"https:\/\/ancare.net.vn\/wp-content\/uploads\/2026\/01\/1225NRCB-HD-800x800.jpg 800w, https:\/\/ancare.net.vn\/wp-content\/uploads\/2026\/01\/1225NRCB-HD-400x400.jpg 400w, https:\/\/ancare.net.vn\/wp-content\/uploads\/2026\/01\/1225NRCB-HD-280x280.jpg 280w, https:\/\/ancare.net.vn\/wp-content\/uploads\/2026\/01\/1225NRCB-HD-768x768.jpg 768w, https:\/\/ancare.net.vn\/wp-content\/uploads\/2026\/01\/1225NRCB-HD-510x510.jpg 510w, https:\/\/ancare.net.vn\/wp-content\/uploads\/2026\/01\/1225NRCB-HD-100x100.jpg 100w, https:\/\/ancare.net.vn\/wp-content\/uploads\/2026\/01\/1225NRCB-HD.jpg 1500w\" sizes=\"(max-width: 800px) 100vw, 800px\" \/>\t\t\t\t\t\t\n\t\t\t\t\t<\/div>\n\t\t\t\t\t\t<\/a>\t\t\n<style>\n#image_164305943 {\n  width: 100%;\n}\n<\/style>\n\t<\/div>\n\t\n\n\n\t\t<\/div>\n\t\t\t\t\t<\/div>\n\n\t\n\n<\/div>\n\n\t\t<\/div>\n\n\t\t\n<style>\n#section_233127260 {\n  padding-top: 30px;\n  padding-bottom: 30px;\n}\n<\/style>\n\t<\/section>\n\t\n\t<section class=\"section\" id=\"section_97975180\">\n\t\t<div class=\"bg section-bg fill bg-fill  bg-loaded\" >\n\n\t\t\t\n\t\t\t\n\t\t\t\n\n\t\t<\/div>\n\n\t\t\n\n\t\t<div class=\"section-content relative\">\n\t\t\t\n\n\n  <div class=\"banner has-hover\" id=\"banner-1233371917\">\n          <div class=\"banner-inner fill\">\n        <div class=\"banner-bg fill\" >\n            <div class=\"bg fill bg-fill \"><\/div>\n                        <div class=\"overlay\"><\/div>            \n                    <\/div>\n\t\t\n        <div class=\"banner-layers container\">\n            <div class=\"fill banner-link\"><\/div>            \n\n   <div id=\"text-box-1374732328\" class=\"text-box banner-layer x0 md-x0 lg-x0 y0 md-y0 lg-y0 res-text\">\n                                <div class=\"text-box-content text dark\">\n              \n              <div class=\"text-inner text-center\">\n                  \n\n\t<div id=\"text-2539887603\" class=\"text\">\n\t\t\n\n<p><strong>Th\u00f4ng tin s\u1ea3n ph\u1ea9m<\/strong><\/p>\n\t\t\n<style>\n#text-2539887603 {\n  font-size: 1.25rem;\n  text-align: left;\n  color: rgb(0,0,0);\n}\n#text-2539887603 > * {\n  color: rgb(0,0,0);\n}\n<\/style>\n\t<\/div>\n\t\n\n              <\/div>\n           <\/div>\n                            \n<style>\n#text-box-1374732328 {\n  width: 80%;\n}\n#text-box-1374732328 .text-box-content {\n  font-size: 100%;\n}\n<\/style>\n    <\/div>\n \n   <div id=\"text-box-1721116569\" class=\"text-box banner-layer x0 md-x0 lg-x0 y10 md-y10 lg-y10 res-text\">\n                                <div class=\"text-box-content text dark\">\n              \n              <div class=\"text-inner text-center\">\n                  \n\n\t<div id=\"text-262936006\" class=\"text\">\n\t\t\n\n<p><span data-text-color=\"success\"><strong>T\u00ean s\u1ea3n ph\u1ea9m: <\/strong><\/span>N\u01b0\u1edbc r\u1eeda ch\u00e9n b\u00e1t ANCARE, Cam &amp; Qu\u1ebf &#8211; D\u1ecbch chi\u1ebft b\u1ed3 h\u00f2n 780g<\/p>\n<p><span data-text-color=\"success\"><strong>\u0110\u1eb6C \u0110I\u1ec2M N\u1ed4I B\u1eacT <\/strong><\/span><\/p>\n<p>Chi\u1ebft xu\u1ea5t b\u1ed3 h\u00f2n t\u1ef1 nhi\u00ean gi\u00fap l\u00e0m s\u1ea1ch d\u1ea7u m\u1ee1 hi\u1ec7u qu\u1ea3 K\u1ebft h\u1ee3p tinh d\u1ea7u cam &amp; qu\u1ebf gi\u00fap kh\u1eed m\u00f9i tanh, t\u1ea1o h\u01b0\u01a1ng th\u01a1m d\u1ec5 ch\u1ecbu B\u1ecdt v\u1eeba ph\u1ea3i, d\u1ec5 tr\u00e1ng s\u1ea1ch v\u1edbi n\u01b0\u1edbc Ph\u00f9 h\u1ee3p cho ch\u00e9n b\u00e1t v\u00e0 d\u1ee5ng c\u1ee5 nh\u00e0 b\u1ebfp h\u1eb1ng ng\u00e0y<\/p>\n<p><span data-text-color=\"success\"><strong>Th\u00e0nh ph\u1ea7n:<\/strong> <\/span><\/p>\n<ul>\n<li>Aqua, Cocamidopropyl Betaine, Sodium Lauryl Sulfate, Sodium Chloride, Decyl Glucoside, Sapindus Mukorossi Fruit Extract (D\u1ecbch chi\u1ebft b\u1ed3 h\u00f2n), Sodium Benzoate, Citrus Sinensis Peel Oil (Tinh d\u1ea7u cam),\u00a0 Hydroxyethyl Ethylcellulose, Tocopheryl Acetate (Vitamin E), Cinnamomum Cassia Oil (Tinh d\u1ea7u qu\u1ebf), Citric Acid.<\/li>\n<\/ul>\n<p><span data-text-color=\"success\"><strong>Kh\u1ed1i l\u01b0\u1ee3ng t\u1ecbnh:<\/strong><\/span> 780g<\/p>\n<p><span data-text-color=\"success\"><strong>M\u00f9i h\u01b0\u01a1ng:<\/strong><\/span> Cam &amp; Qu\u1ebf<\/p>\n<p><span data-text-color=\"success\"><strong>C\u00f4ng d\u1ee5ng: <\/strong><\/span><\/p>\n<ul>\n<li>Th\u00e0nh ph\u1ea7n c\u00f3 ngu\u1ed3n g\u1ed1c t\u1eeb thi\u00ean nhi\u00ean: L\u00e0nh t\u00ednh, d\u1ecbu nh\u1eb9 khi s\u1eed d\u1ee5ng h\u1eb1ng ng\u00e0y.<\/li>\n<li>S\u1ef1 k\u1ebft h\u1ee3p gi\u1eefa tinh d\u1ea7u cam, qu\u1ebf v\u00e0 d\u1ecbch chi\u1ebft b\u1ed3 h\u00f2n: L\u00e0m s\u1ea1ch d\u1ea7u m\u1ee1 v\u00e0 kh\u1eed m\u00f9i hi\u1ec7u qu\u1ea3.<\/li>\n<\/ul>\n<p><span data-text-color=\"success\"><strong>H\u01b0\u1edbng d\u1eabn s\u1eed d\u1ee5ng:<\/strong> <\/span><\/p>\n<ul>\n<li>Cho s\u1ea3n ph\u1ea9m l\u00ean mi\u1ebfng r\u1eeda ch\u00e9n \u0111\u00e3 \u0111\u01b0\u1ee3c th\u1ea5m n\u01b0\u1edbc ho\u1eb7c pha lo\u00e3ng v\u1edbi n\u01b0\u1edbc.<\/li>\n<li>T\u1ea1o b\u1ecdt r\u1ed3i r\u1eeda ch\u00e9n.<\/li>\n<li>Tr\u00e1ng s\u1ea1ch l\u1ea1i v\u1edbi n\u01b0\u1edbc.<\/li>\n<\/ul>\n<p><span data-text-color=\"success\"><strong>B\u1ea3o qu\u1ea3n: <\/strong><\/span><\/p>\n<ul>\n<li>B\u1ea3o qu\u1ea3n n\u01a1i kh\u00f4 r\u00e1o, tho\u00e1ng m\u00e1t, tr\u00e1nh \u00e1nh n\u1eafng tr\u1ef1c ti\u1ebfp.<\/li>\n<\/ul>\n<p><span data-text-color=\"success\"><strong>L\u01b0u \u00fd:<\/strong> <\/span><\/p>\n<ul>\n<li>Kh\u00f4ng \u0111\u01b0\u1ee3c u\u1ed1ng. \u0110\u1ec3 xa t\u1ea7m tay tr\u1ebb em. N\u1ebfu s\u1ea3n ph\u1ea9m d\u00ednh v\u00e0o m\u1eaft, r\u1eeda s\u1ea1ch b\u1eb1ng n\u01b0\u1edbc. N\u1ebfu nu\u1ed1t ph\u1ea3i s\u1ea3n ph\u1ea9m, u\u1ed1ng ngay m\u1ed9t ly n\u01b0\u1edbc, \u0111\u1ebfn c\u01a1 s\u1edf y t\u1ebf g\u1ea7n nh\u1ea5t.<\/li>\n<li>Th\u00e0nh ph\u1ea7n t\u1ef1 nhi\u00ean t\u1eeb d\u1ecbch chi\u1ebft b\u1ed3 h\u00f2n, m\u00e0u s\u1eafc s\u1ea3n ph\u1ea9m c\u00f3 th\u1ec3 \u0111\u1eadm d\u1ea7n theo th\u1eddi gian v\u00e0 g\u1eb7p hi\u1ec7n t\u01b0\u1ee3ng k\u00e9o m\u00e2y khi nhi\u1ec7t \u0111\u1ed9 xu\u1ed1ng th\u1ea5p nh\u01b0ng kh\u00f4ng \u1ea3nh h\u01b0\u1edfng \u0111\u1ebfn ch\u1ea5t l\u01b0\u1ee3ng s\u1ea3n ph\u1ea9m.<\/li>\n<\/ul>\n<p><span data-text-color=\"success\"><strong>Th\u01b0\u01a1ng hi\u1ec7u:<\/strong><\/span> AN CARE<\/p>\n\t\t\n<style>\n#text-262936006 {\n  font-size: 1rem;\n  line-height: 1.2;\n  text-align: left;\n  color: rgb(0,0,0);\n}\n#text-262936006 > * {\n  color: rgb(0,0,0);\n}\n<\/style>\n\t<\/div>\n\t\n\n              <\/div>\n           <\/div>\n                            \n<style>\n#text-box-1721116569 {\n  width: 100%;\n}\n#text-box-1721116569 .text-box-content {\n  font-size: 100%;\n}\n<\/style>\n    <\/div>\n \n   <div id=\"text-box-1118404290\" class=\"text-box banner-layer x50 md-x50 lg-x50 y0 md-y0 lg-y0 res-text\">\n                                <div class=\"text-box-content text dark\">\n              \n              <div class=\"text-inner text-center\">\n                  \n\n<div class=\"is-divider divider clearfix\" style=\"margin-top:1px;margin-bottom:1px;max-width:1000px;height:2px;background-color:rgb(241, 241, 241);\"><\/div>\n\n\n              <\/div>\n           <\/div>\n                            \n<style>\n#text-box-1118404290 {\n  width: 100%;\n}\n#text-box-1118404290 .text-box-content {\n  font-size: 100%;\n}\n<\/style>\n    <\/div>\n \n\n        <\/div>\n      <\/div>\n\n            \n<style>\n#banner-1233371917 {\n  padding-top: 870px;\n}\n#banner-1233371917 .overlay {\n  background-color: rgb(255, 255, 255);\n}\n<\/style>\n  <\/div>\n\n\n\n\t\t<\/div>\n\n\t\t\n<style>\n#section_97975180 {\n  padding-top: 30px;\n  padding-bottom: 30px;\n}\n<\/style>\n\t<\/section>\n\t\n\n","protected":false},"excerpt":{"rendered":"","protected":false},"author":1,"featured_media":0,"parent":0,"menu_order":0,"comment_status":"closed","ping_status":"closed","template":"","meta":{"footnotes":""},"class_list":["post-1506","page","type-page","status-publish","hentry"],"jetpack_sharing_enabled":true,"_links":{"self":[{"href":"https:\/\/ancare.net.vn\/index.php?rest_route=\/wp\/v2\/pages\/1506","targetHints":{"allow":["GET"]}}],"collection":[{"href":"https:\/\/ancare.net.vn\/index.php?rest_route=\/wp\/v2\/pages"}],"about":[{"href":"https:\/\/ancare.net.vn\/index.php?rest_route=\/wp\/v2\/types\/page"}],"author":[{"embeddable":true,"href":"https:\/\/ancare.net.vn\/index.php?rest_route=\/wp\/v2\/users\/1"}],"replies":[{"embeddable":true,"href":"https:\/\/ancare.net.vn\/index.php?rest_route=%2Fwp%2Fv2%2Fcomments&post=1506"}],"version-history":[{"count":41,"href":"https:\/\/ancare.net.vn\/index.php?rest_route=\/wp\/v2\/pages\/1506\/revisions"}],"predecessor-version":[{"id":2176,"href":"https:\/\/ancare.net.vn\/index.php?rest_route=\/wp\/v2\/pages\/1506\/revisions\/2176"}],"wp:attachment":[{"href":"https:\/\/ancare.net.vn\/index.php?rest_route=%2Fwp%2Fv2%2Fmedia&parent=1506"}],"curies":[{"name":"wp","href":"https:\/\/api.w.org\/{rel}","templated":true}]}}