{"id":1596,"date":"2025-11-08T02:55:29","date_gmt":"2025-11-08T02:55:29","guid":{"rendered":"https:\/\/ancare.net.vn\/?page_id=1596"},"modified":"2026-04-15T12:21:27","modified_gmt":"2026-04-15T12:21:27","slug":"nuoc-giat-xar","status":"publish","type":"page","link":"https:\/\/ancare.net.vn\/?page_id=1596","title":{"rendered":"N\u01b0\u1edbc gi\u1eb7t x\u1ea3"},"content":{"rendered":"\n\n  <div class=\"banner has-hover\" id=\"banner-861961819\">\n          <div class=\"banner-inner fill\">\n        <div class=\"banner-bg fill\" >\n            <div class=\"bg fill bg-fill \"><\/div>\n                        <div class=\"overlay\"><\/div>            \n                    <\/div>\n\t\t\n        <div class=\"banner-layers container\">\n            <div class=\"fill banner-link\"><\/div>            \n\n   <div id=\"text-box-766435038\" class=\"text-box banner-layer x0 md-x0 lg-x0 y0 md-y0 lg-y0 res-text\">\n                                <div class=\"text-box-content text dark\">\n              \n              <div class=\"text-inner text-center\">\n                  \n\n\t<div class=\"img has-hover x md-x lg-x y md-y lg-y\" id=\"image_370186305\">\n\t\t<a class=\"image-lightbox lightbox-gallery\" title=\"\" href=\"https:\/\/ancare.net.vn\/wp-content\/uploads\/2026\/01\/1225NGDC-MODAU-1-800x800.jpg\">\t\t\t\t\t\t<div class=\"img-inner box-shadow-2 dark\" >\n\t\t\t<img fetchpriority=\"high\" decoding=\"async\" width=\"800\" height=\"800\" src=\"https:\/\/ancare.net.vn\/wp-content\/uploads\/2026\/01\/1225NGDC-MODAU-1-800x800.jpg\" class=\"attachment-large size-large\" alt=\"\" srcset=\"https:\/\/ancare.net.vn\/wp-content\/uploads\/2026\/01\/1225NGDC-MODAU-1-800x800.jpg 800w, https:\/\/ancare.net.vn\/wp-content\/uploads\/2026\/01\/1225NGDC-MODAU-1-400x400.jpg 400w, https:\/\/ancare.net.vn\/wp-content\/uploads\/2026\/01\/1225NGDC-MODAU-1-280x280.jpg 280w, https:\/\/ancare.net.vn\/wp-content\/uploads\/2026\/01\/1225NGDC-MODAU-1-768x768.jpg 768w, https:\/\/ancare.net.vn\/wp-content\/uploads\/2026\/01\/1225NGDC-MODAU-1-510x510.jpg 510w, https:\/\/ancare.net.vn\/wp-content\/uploads\/2026\/01\/1225NGDC-MODAU-1-100x100.jpg 100w, https:\/\/ancare.net.vn\/wp-content\/uploads\/2026\/01\/1225NGDC-MODAU-1.jpg 1500w\" sizes=\"(max-width: 800px) 100vw, 800px\" \/>\t\t\t\t\t\t\n\t\t\t\t\t<\/div>\n\t\t\t\t\t\t<\/a>\t\t\n<style>\n#image_370186305 {\n  width: 100%;\n}\n<\/style>\n\t<\/div>\n\t\n\n\n              <\/div>\n           <\/div>\n                            \n<style>\n#text-box-766435038 {\n  width: 34%;\n}\n#text-box-766435038 .text-box-content {\n  font-size: 100%;\n}\n<\/style>\n    <\/div>\n \n   <div id=\"text-box-217254538\" class=\"text-box banner-layer x100 md-x35 lg-x35 y0 md-y0 lg-y0 res-text\">\n                                <div class=\"text-box-content text dark\">\n              \n              <div class=\"text-inner text-center\">\n                  \n\n\t<div id=\"text-2217790128\" class=\"text\">\n\t\t\n\n<p style=\"text-align: left;\">N\u01b0\u1edbc gi\u1eb7t x\u1ea3 chuy\u00ean d\u1ee5ng cho \u0111\u1ed3 l\u00f3t AN CARE 350g<\/p>\n\t\t\n<style>\n#text-2217790128 {\n  font-size: 1.35rem;\n  line-height: 0.95;\n  color: rgb(0,0,0);\n}\n#text-2217790128 > * {\n  color: rgb(0,0,0);\n}\n@media (min-width:550px) {\n  #text-2217790128 {\n    font-size: 1.5rem;\n    line-height: 0.75;\n  }\n}\n<\/style>\n\t<\/div>\n\t\n\n              <\/div>\n           <\/div>\n                            \n<style>\n#text-box-217254538 {\n  width: 65%;\n}\n#text-box-217254538 .text-box-content {\n  font-size: 100%;\n}\n@media (min-width:550px) {\n  #text-box-217254538 {\n    width: 77%;\n  }\n}\n<\/style>\n    <\/div>\n \n   <div id=\"text-box-1066358979\" class=\"text-box banner-layer x85 md-x35 lg-x35 y70 md-y30 lg-y30 res-text\">\n                                <div class=\"text-box-content text dark\">\n              \n              <div class=\"text-inner text-center\">\n                  \n\n\t<div id=\"text-2001984778\" class=\"text\">\n\t\t\n\n<p style=\"text-align: left;\">Th\u01b0\u01a1ng hi\u1ec7u: <span data-text-color=\"success\">AN CARE<br \/><\/span>T\u00ecnh tr\u1ea1ng:<span data-text-color=\"success\"> S\u1eafp ra m\u1eaft<br \/><\/span>Kh\u1ed1i l\u01b0\u1ee3ng t\u1ecbnh:<span data-text-color=\"success\"> 350g<\/span><\/p>\n\t\t\n<style>\n#text-2001984778 {\n  line-height: 1.45;\n  color: rgb(0,0,0);\n}\n#text-2001984778 > * {\n  color: rgb(0,0,0);\n}\n<\/style>\n\t<\/div>\n\t\n\n              <\/div>\n           <\/div>\n                            \n<style>\n#text-box-1066358979 {\n  width: 51%;\n}\n#text-box-1066358979 .text-box-content {\n  font-size: 100%;\n}\n@media (min-width:550px) {\n  #text-box-1066358979 {\n    width: 21%;\n  }\n}\n<\/style>\n    <\/div>\n \n   <div id=\"text-box-1911800904\" class=\"text-box banner-layer x100 md-x100 lg-x100 y45 md-y25 lg-y25 res-text\">\n                                <div class=\"text-box-content text dark\">\n              \n              <div class=\"text-inner text-center\">\n                  \n\n<div class=\"is-divider divider clearfix\" style=\"margin-top:1px;margin-bottom:1px;max-width:10000px;height:2px;background-color:rgb(241, 241, 241);\"><\/div>\n\n\n              <\/div>\n           <\/div>\n                            \n<style>\n#text-box-1911800904 {\n  width: 65%;\n}\n#text-box-1911800904 .text-box-content {\n  font-size: 69%;\n}\n<\/style>\n    <\/div>\n \n   <div id=\"text-box-1400510611\" class=\"text-box banner-layer x100 md-x100 lg-x100 y75 md-y60 lg-y60 res-text\">\n                                <div class=\"text-box-content text dark\">\n              \n              <div class=\"text-inner text-center\">\n                  \n\n<div class=\"is-divider divider clearfix\" style=\"margin-top:1px;margin-bottom:1px;max-width:1000px;height:2px;background-color:rgb(241, 241, 241);\"><\/div>\n\n\n              <\/div>\n           <\/div>\n                            \n<style>\n#text-box-1400510611 {\n  width: 65%;\n}\n#text-box-1400510611 .text-box-content {\n  font-size: 100%;\n}\n<\/style>\n    <\/div>\n \n   <div id=\"text-box-506294151\" class=\"text-box banner-layer x50 md-x35 lg-x35 y90 md-y85 lg-y85 res-text\">\n                                <div class=\"text-box-content text dark\">\n              \n              <div class=\"text-inner text-center\">\n                  \n\n<a href=\"https:\/\/ancare.net.vn\/?page_id=508\" target=\"_blank\" class=\"button success expand\" rel=\"noopener\"  style=\"border-radius:99px;\">\n    <span>mua ngay<\/span>\n  <\/a>\n\n\n\n              <\/div>\n           <\/div>\n                            \n<style>\n#text-box-506294151 {\n  width: 31%;\n}\n#text-box-506294151 .text-box-content {\n  font-size: 100%;\n}\n@media (min-width:550px) {\n  #text-box-506294151 {\n    width: 16%;\n  }\n}\n<\/style>\n    <\/div>\n \n   <div id=\"text-box-1366219589\" class=\"text-box banner-layer x50 md-x35 lg-x35 y35 md-y15 lg-y15 res-text\">\n                                <div class=\"text-box-content text dark\">\n              \n              <div class=\"text-inner text-center\">\n                  \n\n\t<div id=\"text-3750495157\" class=\"text\">\n\t\t\n\n<h3><strong>105,000\u0111<\/strong><\/h3>\n\t\t\n<style>\n#text-3750495157 {\n  color: rgb(122, 156, 89);\n}\n#text-3750495157 > * {\n  color: rgb(122, 156, 89);\n}\n<\/style>\n\t<\/div>\n\t\n\n              <\/div>\n           <\/div>\n                            \n<style>\n#text-box-1366219589 {\n  width: 33%;\n}\n#text-box-1366219589 .text-box-content {\n  font-size: 100%;\n}\n@media (min-width:550px) {\n  #text-box-1366219589 {\n    width: 14%;\n  }\n}\n<\/style>\n    <\/div>\n \n\n        <\/div>\n      <\/div>\n\n            \n<style>\n#banner-861961819 {\n  padding-top: 309px;\n}\n#banner-861961819 .overlay {\n  background-color: rgb(255, 255, 255);\n}\n@media (min-width:550px) {\n  #banner-861961819 {\n    padding-top: 421px;\n  }\n}\n<\/style>\n  <\/div>\n\n\n\t<section class=\"section\" id=\"section_1477798496\">\n\t\t<div class=\"bg section-bg fill bg-fill  bg-loaded\" >\n\n\t\t\t\n\t\t\t\n\t\t\t\n\n\t\t<\/div>\n\n\t\t\n\n\t\t<div class=\"section-content relative\">\n\t\t\t\n\n<div class=\"row row-full-width row-box-shadow-3\"  id=\"row-548549175\">\n\n\n\t<div id=\"col-1905847866\" class=\"col medium-3 small-6 large-3\"  >\n\t\t\t\t<div class=\"col-inner\"  >\n\t\t\t\n\t\t\t\n\n\t<div class=\"img has-hover x md-x lg-x y md-y lg-y\" id=\"image_649499569\">\n\t\t<a class=\"image-lightbox lightbox-gallery\" title=\"\" href=\"https:\/\/ancare.net.vn\/wp-content\/uploads\/2026\/02\/NGDC-PHANHUYSINHHOC-800x800.png\">\t\t\t\t\t\t<div class=\"img-inner dark\" >\n\t\t\t<img decoding=\"async\" width=\"800\" height=\"800\" src=\"https:\/\/ancare.net.vn\/wp-content\/uploads\/2026\/02\/NGDC-PHANHUYSINHHOC-800x800.png\" class=\"attachment-large size-large\" alt=\"\" srcset=\"https:\/\/ancare.net.vn\/wp-content\/uploads\/2026\/02\/NGDC-PHANHUYSINHHOC-800x800.png 800w, https:\/\/ancare.net.vn\/wp-content\/uploads\/2026\/02\/NGDC-PHANHUYSINHHOC-400x400.png 400w, https:\/\/ancare.net.vn\/wp-content\/uploads\/2026\/02\/NGDC-PHANHUYSINHHOC-280x280.png 280w, https:\/\/ancare.net.vn\/wp-content\/uploads\/2026\/02\/NGDC-PHANHUYSINHHOC-768x768.png 768w, https:\/\/ancare.net.vn\/wp-content\/uploads\/2026\/02\/NGDC-PHANHUYSINHHOC-510x510.png 510w, https:\/\/ancare.net.vn\/wp-content\/uploads\/2026\/02\/NGDC-PHANHUYSINHHOC-100x100.png 100w, https:\/\/ancare.net.vn\/wp-content\/uploads\/2026\/02\/NGDC-PHANHUYSINHHOC.png 1500w\" sizes=\"(max-width: 800px) 100vw, 800px\" \/>\t\t\t\t\t\t\n\t\t\t\t\t<\/div>\n\t\t\t\t\t\t<\/a>\t\t\n<style>\n#image_649499569 {\n  width: 100%;\n}\n<\/style>\n\t<\/div>\n\t\n\n\n\t\t<\/div>\n\t\t\t\t\t<\/div>\n\n\t\n\n\t<div id=\"col-1784520780\" class=\"col medium-3 small-6 large-3\"  >\n\t\t\t\t<div class=\"col-inner\"  >\n\t\t\t\n\t\t\t\n\n\t<div class=\"img has-hover x md-x lg-x y md-y lg-y\" id=\"image_624673557\">\n\t\t<a class=\"image-lightbox lightbox-gallery\" title=\"\" href=\"https:\/\/ancare.net.vn\/wp-content\/uploads\/2026\/01\/1225NGDC-TT-800x800.jpg\">\t\t\t\t\t\t<div class=\"img-inner dark\" >\n\t\t\t<img decoding=\"async\" width=\"800\" height=\"800\" src=\"https:\/\/ancare.net.vn\/wp-content\/uploads\/2026\/01\/1225NGDC-TT-800x800.jpg\" class=\"attachment-large size-large\" alt=\"\" srcset=\"https:\/\/ancare.net.vn\/wp-content\/uploads\/2026\/01\/1225NGDC-TT-800x800.jpg 800w, https:\/\/ancare.net.vn\/wp-content\/uploads\/2026\/01\/1225NGDC-TT-400x400.jpg 400w, https:\/\/ancare.net.vn\/wp-content\/uploads\/2026\/01\/1225NGDC-TT-280x280.jpg 280w, https:\/\/ancare.net.vn\/wp-content\/uploads\/2026\/01\/1225NGDC-TT-768x768.jpg 768w, https:\/\/ancare.net.vn\/wp-content\/uploads\/2026\/01\/1225NGDC-TT-510x510.jpg 510w, https:\/\/ancare.net.vn\/wp-content\/uploads\/2026\/01\/1225NGDC-TT-100x100.jpg 100w, https:\/\/ancare.net.vn\/wp-content\/uploads\/2026\/01\/1225NGDC-TT.jpg 1500w\" sizes=\"(max-width: 800px) 100vw, 800px\" \/>\t\t\t\t\t\t\n\t\t\t\t\t<\/div>\n\t\t\t\t\t\t<\/a>\t\t\n<style>\n#image_624673557 {\n  width: 100%;\n}\n<\/style>\n\t<\/div>\n\t\n\n\n\t\t<\/div>\n\t\t\t\t\t<\/div>\n\n\t\n\n\t<div id=\"col-218391565\" class=\"col medium-3 small-6 large-3\"  >\n\t\t\t\t<div class=\"col-inner\"  >\n\t\t\t\n\t\t\t\n\n\t<div class=\"img has-hover x md-x lg-x y md-y lg-y\" id=\"image_1735802354\">\n\t\t<a class=\"image-lightbox lightbox-gallery\" title=\"\" href=\"https:\/\/ancare.net.vn\/wp-content\/uploads\/2026\/01\/1225NGDC-CD-800x800.jpg\">\t\t\t\t\t\t<div class=\"img-inner dark\" >\n\t\t\t<img loading=\"lazy\" decoding=\"async\" width=\"800\" height=\"800\" src=\"https:\/\/ancare.net.vn\/wp-content\/uploads\/2026\/01\/1225NGDC-CD-800x800.jpg\" class=\"attachment-large size-large\" alt=\"\" srcset=\"https:\/\/ancare.net.vn\/wp-content\/uploads\/2026\/01\/1225NGDC-CD-800x800.jpg 800w, https:\/\/ancare.net.vn\/wp-content\/uploads\/2026\/01\/1225NGDC-CD-400x400.jpg 400w, https:\/\/ancare.net.vn\/wp-content\/uploads\/2026\/01\/1225NGDC-CD-280x280.jpg 280w, https:\/\/ancare.net.vn\/wp-content\/uploads\/2026\/01\/1225NGDC-CD-768x768.jpg 768w, https:\/\/ancare.net.vn\/wp-content\/uploads\/2026\/01\/1225NGDC-CD-510x510.jpg 510w, https:\/\/ancare.net.vn\/wp-content\/uploads\/2026\/01\/1225NGDC-CD-100x100.jpg 100w, https:\/\/ancare.net.vn\/wp-content\/uploads\/2026\/01\/1225NGDC-CD.jpg 1500w\" sizes=\"(max-width: 800px) 100vw, 800px\" \/>\t\t\t\t\t\t\n\t\t\t\t\t<\/div>\n\t\t\t\t\t\t<\/a>\t\t\n<style>\n#image_1735802354 {\n  width: 100%;\n}\n<\/style>\n\t<\/div>\n\t\n\n\n\t\t<\/div>\n\t\t\t\t\t<\/div>\n\n\t\n\n\t<div id=\"col-998885261\" class=\"col medium-3 small-6 large-3\"  >\n\t\t\t\t<div class=\"col-inner\"  >\n\t\t\t\n\t\t\t\n\n\t<div class=\"img has-hover x md-x lg-x y md-y lg-y\" id=\"image_1117557256\">\n\t\t<a class=\"image-lightbox lightbox-gallery\" title=\"\" href=\"https:\/\/ancare.net.vn\/wp-content\/uploads\/2026\/01\/1225NGDC-HD-800x800.jpg\">\t\t\t\t\t\t<div class=\"img-inner dark\" >\n\t\t\t<img loading=\"lazy\" decoding=\"async\" width=\"800\" height=\"800\" src=\"https:\/\/ancare.net.vn\/wp-content\/uploads\/2026\/01\/1225NGDC-HD-800x800.jpg\" class=\"attachment-large size-large\" alt=\"\" srcset=\"https:\/\/ancare.net.vn\/wp-content\/uploads\/2026\/01\/1225NGDC-HD-800x800.jpg 800w, https:\/\/ancare.net.vn\/wp-content\/uploads\/2026\/01\/1225NGDC-HD-400x400.jpg 400w, https:\/\/ancare.net.vn\/wp-content\/uploads\/2026\/01\/1225NGDC-HD-280x280.jpg 280w, https:\/\/ancare.net.vn\/wp-content\/uploads\/2026\/01\/1225NGDC-HD-768x768.jpg 768w, https:\/\/ancare.net.vn\/wp-content\/uploads\/2026\/01\/1225NGDC-HD-510x510.jpg 510w, https:\/\/ancare.net.vn\/wp-content\/uploads\/2026\/01\/1225NGDC-HD-100x100.jpg 100w, https:\/\/ancare.net.vn\/wp-content\/uploads\/2026\/01\/1225NGDC-HD.jpg 1500w\" sizes=\"(max-width: 800px) 100vw, 800px\" \/>\t\t\t\t\t\t\n\t\t\t\t\t<\/div>\n\t\t\t\t\t\t<\/a>\t\t\n<style>\n#image_1117557256 {\n  width: 100%;\n}\n<\/style>\n\t<\/div>\n\t\n\n\n\t\t<\/div>\n\t\t\t\t\t<\/div>\n\n\t\n\n\t<div id=\"col-1611761435\" class=\"col medium-3 small-12 large-3\"  >\n\t\t\t\t<div class=\"col-inner\"  >\n\t\t\t\n\t\t\t\n\n\t<div class=\"img has-hover x md-x lg-x y md-y lg-y\" id=\"image_311532397\">\n\t\t<a class=\"image-lightbox lightbox-gallery\" title=\"\" href=\"https:\/\/ancare.net.vn\/wp-content\/uploads\/2026\/01\/1225NGDC-GP-800x800.jpg\">\t\t\t\t\t\t<div class=\"img-inner dark\" >\n\t\t\t<img loading=\"lazy\" decoding=\"async\" width=\"800\" height=\"800\" src=\"https:\/\/ancare.net.vn\/wp-content\/uploads\/2026\/01\/1225NGDC-GP-800x800.jpg\" class=\"attachment-large size-large\" alt=\"\" srcset=\"https:\/\/ancare.net.vn\/wp-content\/uploads\/2026\/01\/1225NGDC-GP-800x800.jpg 800w, https:\/\/ancare.net.vn\/wp-content\/uploads\/2026\/01\/1225NGDC-GP-400x400.jpg 400w, https:\/\/ancare.net.vn\/wp-content\/uploads\/2026\/01\/1225NGDC-GP-280x280.jpg 280w, https:\/\/ancare.net.vn\/wp-content\/uploads\/2026\/01\/1225NGDC-GP-768x768.jpg 768w, https:\/\/ancare.net.vn\/wp-content\/uploads\/2026\/01\/1225NGDC-GP-510x510.jpg 510w, https:\/\/ancare.net.vn\/wp-content\/uploads\/2026\/01\/1225NGDC-GP-100x100.jpg 100w, https:\/\/ancare.net.vn\/wp-content\/uploads\/2026\/01\/1225NGDC-GP.jpg 1500w\" sizes=\"(max-width: 800px) 100vw, 800px\" \/>\t\t\t\t\t\t\n\t\t\t\t\t<\/div>\n\t\t\t\t\t\t<\/a>\t\t\n<style>\n#image_311532397 {\n  width: 100%;\n}\n<\/style>\n\t<\/div>\n\t\n\n\n\t\t<\/div>\n\t\t\t\t\t<\/div>\n\n\t\n\n<\/div>\n\n\t\t<\/div>\n\n\t\t\n<style>\n#section_1477798496 {\n  padding-top: 30px;\n  padding-bottom: 30px;\n}\n<\/style>\n\t<\/section>\n\t\n\t<section class=\"section\" id=\"section_3005017\">\n\t\t<div class=\"bg section-bg fill bg-fill  bg-loaded\" >\n\n\t\t\t\n\t\t\t\n\t\t\t\n\n\t\t<\/div>\n\n\t\t\n\n\t\t<div class=\"section-content relative\">\n\t\t\t\n\n\n  <div class=\"banner has-hover\" id=\"banner-1003640049\">\n          <div class=\"banner-inner fill\">\n        <div class=\"banner-bg fill\" >\n            <div class=\"bg fill bg-fill \"><\/div>\n                        <div class=\"overlay\"><\/div>            \n                    <\/div>\n\t\t\n        <div class=\"banner-layers container\">\n            <div class=\"fill banner-link\"><\/div>            \n\n   <div id=\"text-box-883121050\" class=\"text-box banner-layer x0 md-x0 lg-x0 y0 md-y0 lg-y0 res-text\">\n                                <div class=\"text-box-content text dark\">\n              \n              <div class=\"text-inner text-center\">\n                  \n\n\t<div id=\"text-4251644825\" class=\"text\">\n\t\t\n\n<p><strong>Th\u00f4ng tin s\u1ea3n ph\u1ea9m<\/strong><\/p>\n\t\t\n<style>\n#text-4251644825 {\n  font-size: 1.25rem;\n  text-align: left;\n  color: rgb(0,0,0);\n}\n#text-4251644825 > * {\n  color: rgb(0,0,0);\n}\n<\/style>\n\t<\/div>\n\t\n\t<div id=\"text-2595214324\" class=\"text\">\n\t\t\n\n<p><span data-text-color=\"success\"><strong>T\u00ean s\u1ea3n ph\u1ea9m:<\/strong><\/span> N\u01b0\u1edbc gi\u1eb7t x\u1ea3 chuy\u00ean d\u1ee5ng cho \u0111\u1ed3 l\u00f3t ANCARE h\u01b0\u01a1ng B\u1ea1c H\u00e0 350g<\/p>\n<p><span data-text-color=\"success\"><strong>\u0110\u1eb6C \u0110I\u1ec2M N\u1ed4I B\u1eacT<\/strong><\/span><\/p>\n<p>AN CARE For Home<\/p>\n<p>N\u01b0\u1edbc gi\u1eb7t x\u1ea3 chuy\u00ean d\u1ee5ng cho \u0111\u1ed3 l\u00f3t<\/p>\n<p>&#8220;S\u1ea1ch l\u00e0nh, d\u1ecbu nh\u1eb9<\/p>\n<p>H\u01b0\u01a1ng hoa huy\u1ec1n b\u00ed<\/p>\n<p>B\u1ea1c h\u00e0 t\u01b0\u01a1i m\u00e1t&#8221;<\/p>\n<p><span data-text-color=\"success\"><strong>Th\u00e0nh ph\u1ea7n:<\/strong><\/span><\/p>\n<ul>\n<li>Aqua, Sodium Lauryl Sulfate, Cocamidopropyl Betaine, Glycerin, Decyl Glucoside, Sodium Chloride, Enzyme, Polyquaternium-7, Mentha Piperita Oil (Tinh d\u1ea7u b\u1ea1c h\u00e0),\u00a0 Disodium EDTA, Hydroxyethyl Ethylcellulose, Phenoxyethanol, Ethylhexylglycerin, Fragrance.<\/li>\n<\/ul>\n<p><span style=\"color: #008000;\" data-text-color=\"success\"><b>Kh\u1ed1i l\u01b0\u1ee3ng t\u1ecbnh:<\/b><\/span> 350g<\/p>\n<p><span data-text-color=\"success\"><strong>M\u00f9i h\u01b0\u01a1ng:<\/strong><\/span> B\u1ea1c h\u00e0<\/p>\n<p><span data-text-color=\"success\"><strong>C\u00f4ng d\u1ee5ng: <\/strong><\/span><\/p>\n<ul>\n<li>L\u00e0m s\u1ea1ch nh\u1eb9 nh\u00e0ng: lo\u1ea1i b\u1ecf v\u1ebft b\u1ea9n, m\u00f9i h\u00f4i m\u00e0 kh\u00f4ng l\u00e0m h\u1ecfng s\u1ee3i v\u1ea3i.<\/li>\n<li>Th\u00e2n thi\u1ec7n v\u1edbi da nh\u1ea1y c\u1ea3m: c\u00f4ng th\u1ee9c d\u1ecbu nh\u1eb9, kh\u00f4ng g\u00e2y kh\u00f4 tay.<\/li>\n<li>H\u01b0\u01a1ng hoa huy\u1ec1n b\u00ed k\u1ebft h\u1ee3p b\u1ea1c h\u00e0 t\u01b0\u01a1i m\u00e1t: l\u01b0u h\u01b0\u01a1ng nh\u1eb9 nh\u00e0ng cho \u0111\u1ed3 l\u00f3t.<\/li>\n<\/ul>\n<p><span data-text-color=\"success\"><strong>H\u01b0\u1edbng d\u1eabn s\u1eed d\u1ee5ng:<\/strong><\/span>\u00a0<\/p>\n<ul>\n<li>C\u00e1ch 1: L\u00e0m \u01b0\u1edbt \u0111\u1ed3 l\u00f3t. Cho m\u1ed9t l\u01b0\u1ee3ng v\u1eeba \u0111\u1ee7 l\u00ean \u0111\u1ed3 c\u1ea7n gi\u1eb7t, v\u00f2 nh\u1eb9. X\u1ea3 l\u1ea1i th\u1eadt s\u1ea1ch v\u1edbi n\u01b0\u1edbc v\u00e0 ph\u01a1i kh\u00f4.<\/li>\n<li>C\u00e1ch 2: Pha 2 &#8211; 3 pump v\u00e0o l\u01b0\u1ee3ng n\u01b0\u1edbc v\u1eeba \u0111\u1ee7, khu\u1ea5y \u0111\u1ec1u. Cho \u0111\u1ed3 l\u00f3t v\u00e0o ng\u00e2m 15 &#8211; 20 ph\u00fat, v\u00f2 nh\u1eb9. X\u1ea3 l\u1ea1i th\u1eadt s\u1ea1ch v\u1edbi n\u01b0\u1edbc v\u00e0 ph\u01a1i kh\u00f4.<\/li>\n<\/ul>\n<p><span data-text-color=\"success\"><strong>B\u1ea3o qu\u1ea3n: <\/strong><\/span><\/p>\n<ul>\n<li>B\u1ea3o qu\u1ea3n n\u01a1i kh\u00f4 r\u00e1o, tho\u00e1ng m\u00e1t, tr\u00e1nh \u00e1nh n\u1eafng tr\u1ef1c ti\u1ebfp.<\/li>\n<\/ul>\n<p><span data-text-color=\"success\"><strong>L\u01b0u \u00fd:<\/strong><\/span><\/p>\n<ul>\n<li>Kh\u00f4ng \u0111\u01b0\u1ee3c u\u1ed1ng. \u0110\u1ec3 xa t\u1ea7m tay tr\u1ebb em. N\u1ebfu s\u1ea3n ph\u1ea9m d\u00ednh v\u00e0o m\u1eaft, r\u1eeda s\u1ea1ch b\u1eb1ng n\u01b0\u1edbc. N\u1ebfu nu\u1ed1t ph\u1ea3i s\u1ea3n ph\u1ea9m, u\u1ed1ng ngay m\u1ed9t ly n\u01b0\u1edbc, \u0111\u1ebfn c\u01a1 s\u1edf y t\u1ebf g\u1ea7n nh\u1ea5t.<\/li>\n<\/ul>\n<p><span data-text-color=\"success\"><strong>Th\u01b0\u01a1ng hi\u1ec7u:<\/strong><\/span> AN CARE<\/p>\n\t\t\n<style>\n#text-2595214324 {\n  font-size: 1rem;\n  line-height: 1.2;\n  text-align: left;\n  color: rgb(0,0,0);\n}\n#text-2595214324 > * {\n  color: rgb(0,0,0);\n}\n<\/style>\n\t<\/div>\n\t\n\n              <\/div>\n           <\/div>\n                            \n<style>\n#text-box-883121050 {\n  width: 100%;\n}\n#text-box-883121050 .text-box-content {\n  font-size: 100%;\n}\n@media (min-width:550px) {\n  #text-box-883121050 {\n    width: 80%;\n  }\n}\n<\/style>\n    <\/div>\n \n   <div id=\"text-box-1268322719\" class=\"text-box banner-layer x50 md-x50 lg-x50 y0 md-y0 lg-y0 res-text\">\n                                <div class=\"text-box-content text dark\">\n              \n              <div class=\"text-inner text-center\">\n                  \n\n<div class=\"is-divider divider clearfix\" style=\"margin-top:1px;margin-bottom:1px;max-width:1000px;height:2px;background-color:rgb(241, 241, 241);\"><\/div>\n\n\n              <\/div>\n           <\/div>\n                            \n<style>\n#text-box-1268322719 {\n  width: 100%;\n}\n#text-box-1268322719 .text-box-content {\n  font-size: 100%;\n}\n<\/style>\n    <\/div>\n \n\n        <\/div>\n      <\/div>\n\n            \n<style>\n#banner-1003640049 {\n  padding-top: 1105px;\n}\n#banner-1003640049 .overlay {\n  background-color: rgb(255, 255, 255);\n}\n@media (min-width:550px) {\n  #banner-1003640049 {\n    padding-top: 975px;\n  }\n}\n<\/style>\n  <\/div>\n\n\n\n\t\t<\/div>\n\n\t\t\n<style>\n#section_3005017 {\n  padding-top: 30px;\n  padding-bottom: 30px;\n}\n<\/style>\n\t<\/section>\n\t\n\n","protected":false},"excerpt":{"rendered":"","protected":false},"author":1,"featured_media":0,"parent":0,"menu_order":0,"comment_status":"closed","ping_status":"closed","template":"","meta":{"footnotes":""},"class_list":["post-1596","page","type-page","status-publish","hentry"],"jetpack_sharing_enabled":true,"_links":{"self":[{"href":"https:\/\/ancare.net.vn\/index.php?rest_route=\/wp\/v2\/pages\/1596","targetHints":{"allow":["GET"]}}],"collection":[{"href":"https:\/\/ancare.net.vn\/index.php?rest_route=\/wp\/v2\/pages"}],"about":[{"href":"https:\/\/ancare.net.vn\/index.php?rest_route=\/wp\/v2\/types\/page"}],"author":[{"embeddable":true,"href":"https:\/\/ancare.net.vn\/index.php?rest_route=\/wp\/v2\/users\/1"}],"replies":[{"embeddable":true,"href":"https:\/\/ancare.net.vn\/index.php?rest_route=%2Fwp%2Fv2%2Fcomments&post=1596"}],"version-history":[{"count":28,"href":"https:\/\/ancare.net.vn\/index.php?rest_route=\/wp\/v2\/pages\/1596\/revisions"}],"predecessor-version":[{"id":2179,"href":"https:\/\/ancare.net.vn\/index.php?rest_route=\/wp\/v2\/pages\/1596\/revisions\/2179"}],"wp:attachment":[{"href":"https:\/\/ancare.net.vn\/index.php?rest_route=%2Fwp%2Fv2%2Fmedia&parent=1596"}],"curies":[{"name":"wp","href":"https:\/\/api.w.org\/{rel}","templated":true}]}}