{"id":1609,"date":"2025-11-08T03:08:49","date_gmt":"2025-11-08T03:08:49","guid":{"rendered":"https:\/\/ancare.net.vn\/?page_id=1609"},"modified":"2026-04-16T13:22:47","modified_gmt":"2026-04-16T13:22:47","slug":"sua-tam-thu-cung","status":"publish","type":"page","link":"https:\/\/ancare.net.vn\/?page_id=1609","title":{"rendered":"S\u1eefa t\u1eafm th\u00fa c\u01b0ng"},"content":{"rendered":"\n\n  <div class=\"banner has-hover\" id=\"banner-605562176\">\n          <div class=\"banner-inner fill\">\n        <div class=\"banner-bg fill\" >\n            <div class=\"bg fill bg-fill \"><\/div>\n                        <div class=\"overlay\"><\/div>            \n                    <\/div>\n\t\t\n        <div class=\"banner-layers container\">\n            <div class=\"fill banner-link\"><\/div>            \n\n   <div id=\"text-box-1064402729\" class=\"text-box banner-layer x0 md-x0 lg-x0 y0 md-y0 lg-y0 res-text\">\n                                <div class=\"text-box-content text dark\">\n              \n              <div class=\"text-inner text-center\">\n                  \n\n\t<div class=\"img has-hover x md-x lg-x y md-y lg-y\" id=\"image_1027091183\">\n\t\t<a class=\"image-lightbox lightbox-gallery\" title=\"\" href=\"https:\/\/ancare.net.vn\/wp-content\/uploads\/2026\/01\/1225STP-MODAU-2-800x800.jpg\">\t\t\t\t\t\t<div class=\"img-inner box-shadow-2 dark\" >\n\t\t\t<img fetchpriority=\"high\" decoding=\"async\" width=\"800\" height=\"800\" src=\"https:\/\/ancare.net.vn\/wp-content\/uploads\/2026\/01\/1225STP-MODAU-2-800x800.jpg\" class=\"attachment-large size-large\" alt=\"\" srcset=\"https:\/\/ancare.net.vn\/wp-content\/uploads\/2026\/01\/1225STP-MODAU-2-800x800.jpg 800w, https:\/\/ancare.net.vn\/wp-content\/uploads\/2026\/01\/1225STP-MODAU-2-400x400.jpg 400w, https:\/\/ancare.net.vn\/wp-content\/uploads\/2026\/01\/1225STP-MODAU-2-280x280.jpg 280w, https:\/\/ancare.net.vn\/wp-content\/uploads\/2026\/01\/1225STP-MODAU-2-768x768.jpg 768w, https:\/\/ancare.net.vn\/wp-content\/uploads\/2026\/01\/1225STP-MODAU-2-510x510.jpg 510w, https:\/\/ancare.net.vn\/wp-content\/uploads\/2026\/01\/1225STP-MODAU-2-100x100.jpg 100w, https:\/\/ancare.net.vn\/wp-content\/uploads\/2026\/01\/1225STP-MODAU-2.jpg 1500w\" sizes=\"(max-width: 800px) 100vw, 800px\" \/>\t\t\t\t\t\t\n\t\t\t\t\t<\/div>\n\t\t\t\t\t\t<\/a>\t\t\n<style>\n#image_1027091183 {\n  width: 100%;\n}\n<\/style>\n\t<\/div>\n\t\n\n\n              <\/div>\n           <\/div>\n                            \n<style>\n#text-box-1064402729 {\n  width: 33%;\n}\n#text-box-1064402729 .text-box-content {\n  font-size: 100%;\n}\n<\/style>\n    <\/div>\n \n   <div id=\"text-box-1324557484\" class=\"text-box banner-layer x35 md-x35 lg-x35 y0 md-y0 lg-y0 res-text\">\n                                <div class=\"text-box-content text dark\">\n              \n              <div class=\"text-inner text-center\">\n                  \n\n\t<div id=\"text-784418664\" class=\"text\">\n\t\t\n\n<p>S\u1eefa t\u1eafm th\u00fa c\u01b0ng AN CARE 350g<\/p>\n\t\t\n<style>\n#text-784418664 {\n  font-size: 1.5rem;\n  line-height: 0.9;\n  text-align: left;\n  color: rgb(0,0,0);\n}\n#text-784418664 > * {\n  color: rgb(0,0,0);\n}\n@media (min-width:550px) {\n  #text-784418664 {\n    line-height: 0.75;\n  }\n}\n<\/style>\n\t<\/div>\n\t\n\n              <\/div>\n           <\/div>\n                            \n<style>\n#text-box-1324557484 {\n  width: 60%;\n}\n#text-box-1324557484 .text-box-content {\n  font-size: 100%;\n}\n@media (min-width:550px) {\n  #text-box-1324557484 {\n    width: 56%;\n  }\n}\n<\/style>\n    <\/div>\n \n   <div id=\"text-box-231004735\" class=\"text-box banner-layer x80 md-x35 lg-x35 y35 md-y30 lg-y30 res-text\">\n                                <div class=\"text-box-content text dark\">\n              \n              <div class=\"text-inner text-center\">\n                  \n\n\t<div id=\"text-1837478236\" class=\"text\">\n\t\t\n\n<p style=\"text-align: left;\">Th\u01b0\u01a1ng hi\u1ec7u: <span data-text-color=\"success\">AN CARE<br \/><\/span>T\u00ecnh tr\u1ea1ng:<span data-text-color=\"success\"> S\u1eafp ra m\u1eaft<br \/><\/span>Kh\u1ed1i l\u01b0\u1ee3ng t\u1ecbnh:<span data-text-color=\"success\"> 350g<\/span><\/p>\n\t\t\n<style>\n#text-1837478236 {\n  line-height: 1.45;\n  color: rgb(0,0,0);\n}\n#text-1837478236 > * {\n  color: rgb(0,0,0);\n}\n<\/style>\n\t<\/div>\n\t\n\n              <\/div>\n           <\/div>\n                            \n<style>\n#text-box-231004735 {\n  width: 44%;\n}\n#text-box-231004735 .text-box-content {\n  font-size: 100%;\n}\n@media (min-width:550px) {\n  #text-box-231004735 {\n    width: 21%;\n  }\n}\n<\/style>\n    <\/div>\n \n   <div id=\"text-box-1359220139\" class=\"text-box banner-layer x35 md-x35 lg-x35 y25 md-y15 lg-y15 res-text\">\n                                <div class=\"text-box-content text dark\">\n              \n              <div class=\"text-inner text-center\">\n                  \n\n\t<div id=\"text-644564345\" class=\"text\">\n\t\t\n\n<h3><strong>105,000\u0111<\/strong><\/h3>\n\n\t\t\n<style>\n#text-644564345 {\n  text-align: left;\n  color: #7a9c59;\n}\n#text-644564345 > * {\n  color: #7a9c59;\n}\n<\/style>\n\t<\/div>\n\t\n\n              <\/div>\n           <\/div>\n                            \n<style>\n#text-box-1359220139 {\n  width: 20%;\n}\n#text-box-1359220139 .text-box-content {\n  font-size: 100%;\n}\n<\/style>\n    <\/div>\n \n   <div id=\"text-box-168624103\" class=\"text-box banner-layer x100 md-x100 lg-x100 y30 md-y25 lg-y25 res-text\">\n                                <div class=\"text-box-content text dark\">\n              \n              <div class=\"text-inner text-center\">\n                  \n\n<div class=\"is-divider divider clearfix\" style=\"margin-top:1px;margin-bottom:1px;max-width:10000px;height:2px;background-color:rgb(241, 241, 241);\"><\/div>\n\n\n              <\/div>\n           <\/div>\n                            \n<style>\n#text-box-168624103 {\n  width: 65%;\n}\n#text-box-168624103 .text-box-content {\n  font-size: 100%;\n}\n<\/style>\n    <\/div>\n \n   <div id=\"text-box-1798074553\" class=\"text-box banner-layer x100 md-x100 lg-x100 y60 md-y60 lg-y60 res-text\">\n                                <div class=\"text-box-content text dark\">\n              \n              <div class=\"text-inner text-center\">\n                  \n\n<div class=\"is-divider divider clearfix\" style=\"margin-top:1px;margin-bottom:1px;max-width:1000px;height:2px;background-color:rgb(241, 241, 241);\"><\/div>\n\n\n              <\/div>\n           <\/div>\n                            \n<style>\n#text-box-1798074553 {\n  width: 65%;\n}\n#text-box-1798074553 .text-box-content {\n  font-size: 100%;\n}\n<\/style>\n    <\/div>\n \n   <div id=\"text-box-1605599032\" class=\"text-box banner-layer x35 md-x35 lg-x35 y85 md-y85 lg-y85 res-text\">\n                                <div class=\"text-box-content text dark\">\n              \n              <div class=\"text-inner text-center\">\n                  \n\n<a href=\"https:\/\/ancare.net.vn\/?page_id=508\" target=\"_blank\" class=\"button success expand\" rel=\"noopener\"  style=\"border-radius:99px;\">\n    <span>mua ngay<\/span>\n  <\/a>\n\n\n\n              <\/div>\n           <\/div>\n                            \n<style>\n#text-box-1605599032 {\n  width: 16%;\n}\n#text-box-1605599032 .text-box-content {\n  font-size: 100%;\n}\n<\/style>\n    <\/div>\n \n\n        <\/div>\n      <\/div>\n\n            \n<style>\n#banner-605562176 {\n  padding-top: 357px;\n}\n#banner-605562176 .overlay {\n  background-color: rgb(255, 255, 255);\n}\n<\/style>\n  <\/div>\n\n\n\t<section class=\"section\" id=\"section_2067801929\">\n\t\t<div class=\"bg section-bg fill bg-fill  bg-loaded\" >\n\n\t\t\t\n\t\t\t\n\t\t\t\n\n\t\t<\/div>\n\n\t\t\n\n\t\t<div class=\"section-content relative\">\n\t\t\t\n\n<div class=\"row row-full-width row-box-shadow-3\"  id=\"row-1571138471\">\n\n\n\t<div id=\"col-1058829134\" class=\"col medium-3 small-12 large-3\"  >\n\t\t\t\t<div class=\"col-inner\"  >\n\t\t\t\n\t\t\t\n\n\t<div class=\"img has-hover x md-x lg-x y md-y lg-y\" id=\"image_1574115902\">\n\t\t<a class=\"image-lightbox lightbox-gallery\" title=\"\" href=\"https:\/\/ancare.net.vn\/wp-content\/uploads\/2026\/02\/STP-PHANHUYSINHHOC-800x800.png\">\t\t\t\t\t\t<div class=\"img-inner dark\" >\n\t\t\t<img decoding=\"async\" width=\"800\" height=\"800\" src=\"https:\/\/ancare.net.vn\/wp-content\/uploads\/2026\/02\/STP-PHANHUYSINHHOC-800x800.png\" class=\"attachment-large size-large\" alt=\"\" srcset=\"https:\/\/ancare.net.vn\/wp-content\/uploads\/2026\/02\/STP-PHANHUYSINHHOC-800x800.png 800w, https:\/\/ancare.net.vn\/wp-content\/uploads\/2026\/02\/STP-PHANHUYSINHHOC-400x400.png 400w, https:\/\/ancare.net.vn\/wp-content\/uploads\/2026\/02\/STP-PHANHUYSINHHOC-280x280.png 280w, https:\/\/ancare.net.vn\/wp-content\/uploads\/2026\/02\/STP-PHANHUYSINHHOC-768x768.png 768w, https:\/\/ancare.net.vn\/wp-content\/uploads\/2026\/02\/STP-PHANHUYSINHHOC-510x510.png 510w, https:\/\/ancare.net.vn\/wp-content\/uploads\/2026\/02\/STP-PHANHUYSINHHOC-100x100.png 100w, https:\/\/ancare.net.vn\/wp-content\/uploads\/2026\/02\/STP-PHANHUYSINHHOC.png 1500w\" sizes=\"(max-width: 800px) 100vw, 800px\" \/>\t\t\t\t\t\t\n\t\t\t\t\t<\/div>\n\t\t\t\t\t\t<\/a>\t\t\n<style>\n#image_1574115902 {\n  width: 100%;\n}\n<\/style>\n\t<\/div>\n\t\n\n\n\t\t<\/div>\n\t\t\t\t\t<\/div>\n\n\t\n\n\t<div id=\"col-782040033\" class=\"col medium-3 small-12 large-3\"  >\n\t\t\t\t<div class=\"col-inner\"  >\n\t\t\t\n\t\t\t\n\n\t<div class=\"img has-hover x md-x lg-x y md-y lg-y\" id=\"image_1266166500\">\n\t\t<a class=\"image-lightbox lightbox-gallery\" title=\"\" href=\"https:\/\/ancare.net.vn\/wp-content\/uploads\/2026\/01\/1225STP-TT-800x800.jpg\">\t\t\t\t\t\t<div class=\"img-inner dark\" >\n\t\t\t<img decoding=\"async\" width=\"800\" height=\"800\" src=\"https:\/\/ancare.net.vn\/wp-content\/uploads\/2026\/01\/1225STP-TT-800x800.jpg\" class=\"attachment-large size-large\" alt=\"\" srcset=\"https:\/\/ancare.net.vn\/wp-content\/uploads\/2026\/01\/1225STP-TT-800x800.jpg 800w, https:\/\/ancare.net.vn\/wp-content\/uploads\/2026\/01\/1225STP-TT-400x400.jpg 400w, https:\/\/ancare.net.vn\/wp-content\/uploads\/2026\/01\/1225STP-TT-280x280.jpg 280w, https:\/\/ancare.net.vn\/wp-content\/uploads\/2026\/01\/1225STP-TT-768x768.jpg 768w, https:\/\/ancare.net.vn\/wp-content\/uploads\/2026\/01\/1225STP-TT-510x510.jpg 510w, https:\/\/ancare.net.vn\/wp-content\/uploads\/2026\/01\/1225STP-TT-100x100.jpg 100w, https:\/\/ancare.net.vn\/wp-content\/uploads\/2026\/01\/1225STP-TT.jpg 1500w\" sizes=\"(max-width: 800px) 100vw, 800px\" \/>\t\t\t\t\t\t\n\t\t\t\t\t<\/div>\n\t\t\t\t\t\t<\/a>\t\t\n<style>\n#image_1266166500 {\n  width: 100%;\n}\n<\/style>\n\t<\/div>\n\t\n\n\n\t\t<\/div>\n\t\t\t\t\t<\/div>\n\n\t\n\n\t<div id=\"col-1443163534\" class=\"col medium-3 small-12 large-3\"  >\n\t\t\t\t<div class=\"col-inner\"  >\n\t\t\t\n\t\t\t\n\n\t<div class=\"img has-hover x md-x lg-x y md-y lg-y\" id=\"image_1023069886\">\n\t\t<a class=\"image-lightbox lightbox-gallery\" title=\"\" href=\"https:\/\/ancare.net.vn\/wp-content\/uploads\/2026\/01\/1225STP-TP-800x800.jpg\">\t\t\t\t\t\t<div class=\"img-inner dark\" >\n\t\t\t<img loading=\"lazy\" decoding=\"async\" width=\"800\" height=\"800\" src=\"https:\/\/ancare.net.vn\/wp-content\/uploads\/2026\/01\/1225STP-TP-800x800.jpg\" class=\"attachment-large size-large\" alt=\"\" srcset=\"https:\/\/ancare.net.vn\/wp-content\/uploads\/2026\/01\/1225STP-TP-800x800.jpg 800w, https:\/\/ancare.net.vn\/wp-content\/uploads\/2026\/01\/1225STP-TP-400x400.jpg 400w, https:\/\/ancare.net.vn\/wp-content\/uploads\/2026\/01\/1225STP-TP-280x280.jpg 280w, https:\/\/ancare.net.vn\/wp-content\/uploads\/2026\/01\/1225STP-TP-768x768.jpg 768w, https:\/\/ancare.net.vn\/wp-content\/uploads\/2026\/01\/1225STP-TP-510x510.jpg 510w, https:\/\/ancare.net.vn\/wp-content\/uploads\/2026\/01\/1225STP-TP-100x100.jpg 100w, https:\/\/ancare.net.vn\/wp-content\/uploads\/2026\/01\/1225STP-TP.jpg 1500w\" sizes=\"(max-width: 800px) 100vw, 800px\" \/>\t\t\t\t\t\t\n\t\t\t\t\t<\/div>\n\t\t\t\t\t\t<\/a>\t\t\n<style>\n#image_1023069886 {\n  width: 100%;\n}\n<\/style>\n\t<\/div>\n\t\n\n\n\t\t<\/div>\n\t\t\t\t\t<\/div>\n\n\t\n\n\t<div id=\"col-291101730\" class=\"col medium-3 small-12 large-3\"  >\n\t\t\t\t<div class=\"col-inner\"  >\n\t\t\t\n\t\t\t\n\n\t<div class=\"img has-hover x md-x lg-x y md-y lg-y\" id=\"image_914888182\">\n\t\t<a class=\"image-lightbox lightbox-gallery\" title=\"\" href=\"https:\/\/ancare.net.vn\/wp-content\/uploads\/2026\/01\/1225STP-HD-800x800.jpg\">\t\t\t\t\t\t<div class=\"img-inner dark\" >\n\t\t\t<img loading=\"lazy\" decoding=\"async\" width=\"800\" height=\"800\" src=\"https:\/\/ancare.net.vn\/wp-content\/uploads\/2026\/01\/1225STP-HD-800x800.jpg\" class=\"attachment-large size-large\" alt=\"\" srcset=\"https:\/\/ancare.net.vn\/wp-content\/uploads\/2026\/01\/1225STP-HD-800x800.jpg 800w, https:\/\/ancare.net.vn\/wp-content\/uploads\/2026\/01\/1225STP-HD-400x400.jpg 400w, https:\/\/ancare.net.vn\/wp-content\/uploads\/2026\/01\/1225STP-HD-280x280.jpg 280w, https:\/\/ancare.net.vn\/wp-content\/uploads\/2026\/01\/1225STP-HD-768x768.jpg 768w, https:\/\/ancare.net.vn\/wp-content\/uploads\/2026\/01\/1225STP-HD-510x510.jpg 510w, https:\/\/ancare.net.vn\/wp-content\/uploads\/2026\/01\/1225STP-HD-100x100.jpg 100w, https:\/\/ancare.net.vn\/wp-content\/uploads\/2026\/01\/1225STP-HD.jpg 1500w\" sizes=\"(max-width: 800px) 100vw, 800px\" \/>\t\t\t\t\t\t\n\t\t\t\t\t<\/div>\n\t\t\t\t\t\t<\/a>\t\t\n<style>\n#image_914888182 {\n  width: 100%;\n}\n<\/style>\n\t<\/div>\n\t\n\n\n\t\t<\/div>\n\t\t\t\t\t<\/div>\n\n\t\n\n<\/div>\n\n\t\t<\/div>\n\n\t\t\n<style>\n#section_2067801929 {\n  padding-top: 30px;\n  padding-bottom: 30px;\n}\n<\/style>\n\t<\/section>\n\t\n\n  <div class=\"banner has-hover\" id=\"banner-1138166767\">\n          <div class=\"banner-inner fill\">\n        <div class=\"banner-bg fill\" >\n            <div class=\"bg fill bg-fill \"><\/div>\n                        <div class=\"overlay\"><\/div>            \n                    <\/div>\n\t\t\n        <div class=\"banner-layers container\">\n            <div class=\"fill banner-link\"><\/div>            \n\n   <div id=\"text-box-487477062\" class=\"text-box banner-layer x0 md-x0 lg-x0 y0 md-y0 lg-y0 res-text\">\n                                <div class=\"text-box-content text dark\">\n              \n              <div class=\"text-inner text-center\">\n                  \n\n\t<div id=\"text-511459133\" class=\"text\">\n\t\t\n\n<p><strong>Th\u00f4ng tin s\u1ea3n ph\u1ea9m<\/strong><\/p>\n\t\t\n<style>\n#text-511459133 {\n  font-size: 1.25rem;\n  text-align: left;\n  color: rgb(0,0,0);\n}\n#text-511459133 > * {\n  color: rgb(0,0,0);\n}\n<\/style>\n\t<\/div>\n\t\n\n              <\/div>\n           <\/div>\n                            \n<style>\n#text-box-487477062 {\n  width: 80%;\n}\n#text-box-487477062 .text-box-content {\n  font-size: 100%;\n}\n<\/style>\n    <\/div>\n \n   <div id=\"text-box-486576362\" class=\"text-box banner-layer x0 md-x0 lg-x0 y10 md-y10 lg-y10 res-text\">\n                                <div class=\"text-box-content text dark\">\n              \n              <div class=\"text-inner text-center\">\n                  \n\n\t<div id=\"text-1083020830\" class=\"text\">\n\t\t\n\n<p><span data-text-color=\"success\"><strong>T\u00ean s\u1ea3n ph\u1ea9m:<\/strong><\/span> S\u1eefa t\u1eafm th\u00fa c\u01b0ng<\/p>\n<p><span data-text-color=\"success\"><strong>\u0110\u1eb6C \u0110I\u1ec2M N\u1ed4I B\u1eacT<\/strong><\/span><\/p>\n<p>Pet Shampoo S\u1ea1ch d\u1ecbu \u00eam &#8211; L\u00f4ng m\u1ec1m m\u01b0\u1ee3t<\/p>\n<p><span data-text-color=\"success\"><strong>Th\u00e0nh ph\u1ea7n:<\/strong> <\/span><\/p>\n<ul>\n<li>Aqua, Decyl Glucoside, Cocamidopropyl Betaine, Sodium Lauryl Sulfate,\u00a0 Sapindus Mukorossi Fruit Extract (Chi\u1ebft xu\u1ea5t b\u1ed3 h\u00f2n), Cymbopogon Citratus Extract (Chi\u1ebft xu\u1ea5t c\u00e2y s\u1ea3), Citrus Grandis Peel Oil (Tinh d\u1ea7u b\u01b0\u1edfi), Citrus Sinensis Peel Oil (Tinh d\u1ea7u cam), Mentha Piperita Oil (Tinh d\u1ea7u b\u1ea1c h\u00e0), Glycerin,\u00a0 Sodium Lactate, PEG-7 Glyceryl Cocoate, Polyquaternium-7, Guar Hydroxypropyltrimonium Chloride, Hydroxyethyl Ethylcellulose, Phenoxyethanol, Ethylhexylglycerin, Citric Acid, Fragrance.<\/li>\n<\/ul>\n<p><span data-text-color=\"success\"><strong>Kh\u1ed1i l\u01b0\u1ee3ng t\u1ecbnh:<\/strong><\/span> 350g<\/p>\n<p><span data-text-color=\"success\"><strong>M\u00f9i h\u01b0\u01a1ng:<\/strong><\/span> CAM, S\u1ea2, B\u01af\u1edeI, B\u1ea0C H\u00c0, HOA DI\u00caN V\u0128<\/p>\n<p><span data-text-color=\"success\"><strong>C\u00f4ng d\u1ee5ng: <\/strong><\/span><\/p>\n<ul>\n<li>L\u00e0m s\u1ea1ch l\u00f4ng v\u00e0 da th\u00fa c\u01b0ng.<\/li>\n<li>Gi\u1ea3m r\u1ee5ng, t\u1ea1o \u0111\u1ed9 m\u1ec1m m\u1ea1i v\u00e0 m\u01b0\u1ee3t m\u00e0 cho l\u00f4ng.<\/li>\n<li>H\u01b0\u01a1ng th\u01a1m t\u1ef1 nhi\u00ean t\u1eeb tinh d\u1ea7u gi\u00fap l\u00f4ng th\u00fa c\u01b0ng lu\u00f4n th\u01a1m ng\u00e1t v\u00e0 d\u1ec5 ch\u1ecbu.<\/li>\n<\/ul>\n<p><span data-text-color=\"success\"><strong>H\u01b0\u1edbng d\u1eabn s\u1eed d\u1ee5ng:<\/strong> <\/span><\/p>\n<ul>\n<li>B\u01b0\u1edbc 1: L\u00e0m \u01b0\u1edbt b\u1ec1 m\u1eb7t da v\u00e0 l\u00f4ng c\u1ee7a th\u00fa c\u01b0ng.<\/li>\n<li>B\u01b0\u1edbc 2: L\u1ea5y m\u1ed9t l\u01b0\u1ee3ng s\u1eefa t\u1eafm v\u1eeba \u0111\u1ee7, t\u1ea1o b\u1ecdt sau \u0111\u00f3 thoa v\u00e0 massage nh\u1eb9 nh\u00e0ng.<\/li>\n<li>\u00a0B\u01b0\u1edbc 3: T\u1eafm s\u1ea1ch l\u1ea1i v\u1edbi n\u01b0\u1edbc, lau kh\u00f4 ho\u1eb7c s\u1eed d\u1ee5ng m\u00e1y s\u1ea5y \u0111\u1ec3 tr\u00e1nh th\u00fa c\u01b0ng b\u1ecb l\u1ea1nh.<\/li>\n<\/ul>\n<p><span data-text-color=\"success\"><strong>B\u1ea3o qu\u1ea3n: <\/strong><\/span><\/p>\n<ul>\n<li>B\u1ea3o qu\u1ea3n n\u01a1i kh\u00f4 r\u00e1o, tho\u00e1ng m\u00e1t, tr\u00e1nh \u00e1nh n\u1eafng tr\u1ef1c ti\u1ebfp.<\/li>\n<\/ul>\n<p><span data-text-color=\"success\"><strong>L\u01b0u \u00fd:<\/strong> <\/span><\/p>\n<ul>\n<li>Ch\u1ec9 d\u00f9ng ngo\u00e0i da, kh\u00f4ng \u0111\u1ec3 th\u00fa c\u01b0ng li\u1ebfm ph\u1ea3i. Tr\u00e1nh ti\u1ebfp x\u00fac v\u1edbi m\u1eaft, n\u1ebfu d\u00ednh v\u00e0o m\u1eaft, r\u1eeda ngay b\u1eb1ng n\u01b0\u1edbc s\u1ea1ch. Kh\u00f4ng s\u1eed d\u1ee5ng n\u1ebfu th\u00fa c\u01b0ng c\u00f3 v\u1ebft th\u01b0\u01a1ng h\u1edf.<\/li>\n<\/ul>\n<p><span data-text-color=\"success\"><strong>Th\u01b0\u01a1ng hi\u1ec7u:<\/strong><\/span> AN CARE<\/p>\n\t\t\n<style>\n#text-1083020830 {\n  font-size: 1rem;\n  line-height: 1.2;\n  text-align: left;\n  color: rgb(0,0,0);\n}\n#text-1083020830 > * {\n  color: rgb(0,0,0);\n}\n<\/style>\n\t<\/div>\n\t\n\n              <\/div>\n           <\/div>\n                            \n<style>\n#text-box-486576362 {\n  width: 100%;\n}\n#text-box-486576362 .text-box-content {\n  font-size: 100%;\n}\n<\/style>\n    <\/div>\n \n   <div id=\"text-box-1369590457\" class=\"text-box banner-layer x50 md-x50 lg-x50 y0 md-y0 lg-y0 res-text\">\n                                <div class=\"text-box-content text dark\">\n              \n              <div class=\"text-inner text-center\">\n                  \n\n<div class=\"is-divider divider clearfix\" style=\"margin-top:1px;margin-bottom:1px;max-width:1000px;height:2px;background-color:rgb(241, 241, 241);\"><\/div>\n\n\n              <\/div>\n           <\/div>\n                            \n<style>\n#text-box-1369590457 {\n  width: 100%;\n}\n#text-box-1369590457 .text-box-content {\n  font-size: 100%;\n}\n<\/style>\n    <\/div>\n \n\n        <\/div>\n      <\/div>\n\n            \n<style>\n#banner-1138166767 {\n  padding-top: 1258px;\n}\n#banner-1138166767 .overlay {\n  background-color: rgb(255, 255, 255);\n}\n@media (min-width:550px) {\n  #banner-1138166767 {\n    padding-top: 908px;\n  }\n}\n<\/style>\n  <\/div>\n\n\n\n","protected":false},"excerpt":{"rendered":"","protected":false},"author":1,"featured_media":0,"parent":0,"menu_order":0,"comment_status":"closed","ping_status":"closed","template":"","meta":{"footnotes":""},"class_list":["post-1609","page","type-page","status-publish","hentry"],"jetpack_sharing_enabled":true,"_links":{"self":[{"href":"https:\/\/ancare.net.vn\/index.php?rest_route=\/wp\/v2\/pages\/1609","targetHints":{"allow":["GET"]}}],"collection":[{"href":"https:\/\/ancare.net.vn\/index.php?rest_route=\/wp\/v2\/pages"}],"about":[{"href":"https:\/\/ancare.net.vn\/index.php?rest_route=\/wp\/v2\/types\/page"}],"author":[{"embeddable":true,"href":"https:\/\/ancare.net.vn\/index.php?rest_route=\/wp\/v2\/users\/1"}],"replies":[{"embeddable":true,"href":"https:\/\/ancare.net.vn\/index.php?rest_route=%2Fwp%2Fv2%2Fcomments&post=1609"}],"version-history":[{"count":15,"href":"https:\/\/ancare.net.vn\/index.php?rest_route=\/wp\/v2\/pages\/1609\/revisions"}],"predecessor-version":[{"id":2182,"href":"https:\/\/ancare.net.vn\/index.php?rest_route=\/wp\/v2\/pages\/1609\/revisions\/2182"}],"wp:attachment":[{"href":"https:\/\/ancare.net.vn\/index.php?rest_route=%2Fwp%2Fv2%2Fmedia&parent=1609"}],"curies":[{"name":"wp","href":"https:\/\/api.w.org\/{rel}","templated":true}]}}