{"id":508,"date":"2025-08-28T09:00:36","date_gmt":"2025-08-28T09:00:36","guid":{"rendered":"https:\/\/ancare.net.vn\/?page_id=508"},"modified":"2026-02-11T02:12:19","modified_gmt":"2026-02-11T02:12:19","slug":"lien-he","status":"publish","type":"page","link":"https:\/\/ancare.net.vn\/?page_id=508","title":{"rendered":"Li\u00ean h\u1ec7"},"content":{"rendered":"\n\n  <div class=\"banner has-hover\" id=\"banner-2130012079\">\n          <div class=\"banner-inner fill\">\n        <div class=\"banner-bg fill\" >\n            <div class=\"bg fill bg-fill \"><\/div>\n                                    \n                    <\/div>\n\t\t\n        <div class=\"banner-layers container\">\n            <div class=\"fill banner-link\"><\/div>            \n\n   <div id=\"text-box-1333144257\" class=\"text-box banner-layer x50 md-x50 lg-x50 y20 md-y20 lg-y20 res-text\">\n                                <div class=\"text-box-content text dark\">\n              \n              <div class=\"text-inner text-center\">\n                  \n\n<h1 class=\"uppercase\">H\u00c3Y LI\u00caN H\u1ec6 V\u1edaI CH\u00daNG T\u00d4I<\/h1>\n<p class=\"lead\">\u0110\u1ec3 bi\u1ebft th\u00eam th\u00f4ng tin chi ti\u1ebft<\/p>\n\n              <\/div>\n           <\/div>\n                            \n<style>\n#text-box-1333144257 .text-inner {\n  padding: 30px 0px 0px 0px;\n}\n#text-box-1333144257 {\n  width: 83%;\n}\n#text-box-1333144257 .text-box-content {\n  font-size: 100%;\n}\n@media (min-width:550px) {\n  #text-box-1333144257 {\n    width: 81%;\n  }\n}\n@media (min-width:850px) {\n  #text-box-1333144257 {\n    width: 61%;\n  }\n}\n<\/style>\n    <\/div>\n \n   <div id=\"text-box-1093599667\" class=\"text-box banner-layer x50 md-x50 lg-x50 y95 md-y95 lg-y95 res-text\">\n                                <div class=\"text-box-content text dark\">\n              \n              <div class=\"text-inner text-center\">\n                  \n\n\t<div id=\"gap-682254621\" class=\"gap-element clearfix\" style=\"display:block; height:auto;\">\n\t\t\n<style>\n#gap-682254621 {\n  padding-top: 18px;\n}\n<\/style>\n\t<\/div>\n\t\n\n\n              <\/div>\n           <\/div>\n                            \n<style>\n#text-box-1093599667 {\n  width: 60%;\n}\n#text-box-1093599667 .text-box-content {\n  font-size: 100%;\n}\n<\/style>\n    <\/div>\n \n\n        <\/div>\n      <\/div>\n\n            \n<style>\n#banner-2130012079 {\n  padding-top: 140%;\n  background-color: rgb(255,255,255);\n}\n#banner-2130012079 .bg.bg-loaded {\n  background-image: url(https:\/\/ancare.net.vn\/wp-content\/uploads\/2025\/11\/robert-haverly-_kmr5wKVW7E-unsplash-1281x800.jpg);\n}\n#banner-2130012079 .bg {\n  background-position: 100% 54%;\n}\n@media (min-width:550px) {\n  #banner-2130012079 {\n    padding-top: 75%;\n  }\n}\n@media (min-width:850px) {\n  #banner-2130012079 {\n    padding-top: 61.46%;\n  }\n}\n<\/style>\n  <\/div>\n\n\n<div class=\"row row-collapse row-full-width\"  id=\"row-1494071244\">\n\n\n\t<div id=\"col-396068516\" class=\"col small-12 large-12\"  >\n\t\t\t\t<div class=\"col-inner\"  >\n\t\t\t\n\t\t\t\n\n\n\t\t<\/div>\n\t\t\t\t\n<style>\n#col-396068516 > .col-inner {\n  padding: 0px 30px 0px 30px;\n}\n<\/style>\n\t<\/div>\n\n\t\n\n<\/div>\n<div class=\"row row-large\" style=\"max-width:1400px\" id=\"row-609838514\">\n\n\n\t<div id=\"col-546896751\" class=\"col small-12 large-12\"  >\n\t\t\t\t<div class=\"col-inner\" style=\"background-color:rgb(255, 255, 255);\" >\n\t\t\t\n\t\t\t\n\n<div class=\"row\"  id=\"row-1125482346\">\n\n\n\t<div id=\"col-29352657\" class=\"col small-12 large-12\"  >\n\t\t\t\t<div class=\"col-inner\"  >\n\t\t\t\n\t\t\t\n\n\n  <div class=\"banner has-hover\" id=\"banner-1408984971\">\n          <div class=\"banner-inner fill\">\n        <div class=\"banner-bg fill\" >\n            <div class=\"bg fill bg-fill \"><\/div>\n                        <div class=\"overlay\"><\/div>            \n                    <\/div>\n\t\t\n        <div class=\"banner-layers container\">\n            <div class=\"fill banner-link\"><\/div>            \n\n   <div id=\"text-box-643587084\" class=\"text-box banner-layer x0 md-x0 lg-x0 y0 md-y0 lg-y0 res-text\">\n                                <div class=\"text-box-content text dark\">\n              \n              <div class=\"text-inner text-center\">\n                  \n\n\t<div id=\"text-4044128722\" class=\"text\">\n\t\t\n\n<h3 class=\"uppercase\"><b>li\u00ean h\u1ec7<\/b><\/h3>\n<h4>C\u00d4NG TY TNHH MK VI\u1ec6T S\u1eaeC<\/h4>\n\t\t\n<style>\n#text-4044128722 {\n  font-size: 0.75rem;\n  line-height: 0.9;\n  text-align: left;\n  color: rgb(0,0,0);\n}\n#text-4044128722 > * {\n  color: rgb(0,0,0);\n}\n<\/style>\n\t<\/div>\n\t\n\n              <\/div>\n           <\/div>\n                            \n<style>\n#text-box-643587084 {\n  width: 60%;\n}\n#text-box-643587084 .text-box-content {\n  font-size: 100%;\n}\n<\/style>\n    <\/div>\n \n\n        <\/div>\n      <\/div>\n\n            \n<style>\n#banner-1408984971 {\n  padding-top: 52px;\n}\n#banner-1408984971 .overlay {\n  background-color: rgb(255, 255, 255);\n}\n<\/style>\n  <\/div>\n\n\n\n  <div class=\"banner has-hover\" id=\"banner-986504782\">\n          <div class=\"banner-inner fill\">\n        <div class=\"banner-bg fill\" >\n            <div class=\"bg fill bg-fill \"><\/div>\n                        <div class=\"overlay\"><\/div>            \n                    <\/div>\n\t\t\n        <div class=\"banner-layers container\">\n            <div class=\"fill banner-link\"><\/div>            \n\n   <div id=\"text-box-2024634276\" class=\"text-box banner-layer x0 md-x0 lg-x0 y0 md-y0 lg-y0 res-text\">\n                                <div class=\"text-box-content text dark\">\n              \n              <div class=\"text-inner text-center\">\n                  \n\n\t<div id=\"text-4112623063\" class=\"text\">\n\t\t\n\n<p>M\u00e3 s\u1ed1 doanh nghi\u1ec7p: 0319252033<\/p>\n\t\t\n<style>\n#text-4112623063 {\n  text-align: left;\n  color: rgb(0,0,0);\n}\n#text-4112623063 > * {\n  color: rgb(0,0,0);\n}\n<\/style>\n\t<\/div>\n\t\n\n              <\/div>\n           <\/div>\n                            \n<style>\n#text-box-2024634276 {\n  width: 60%;\n}\n#text-box-2024634276 .text-box-content {\n  font-size: 100%;\n}\n<\/style>\n    <\/div>\n \n   <div id=\"text-box-852474457\" class=\"text-box banner-layer x0 md-x0 lg-x0 y15 md-y15 lg-y15 res-text\">\n                                <div class=\"text-box-content text dark\">\n              \n              <div class=\"text-inner text-left\">\n                  \n\n\t<div class=\"img has-hover x md-x lg-x y md-y lg-y\" id=\"image_2037384173\">\n\t\t\t\t\t\t\t\t<div class=\"img-inner dark\" >\n\t\t\t<img fetchpriority=\"high\" decoding=\"async\" width=\"225\" height=\"225\" src=\"https:\/\/ancare.net.vn\/wp-content\/uploads\/2025\/11\/images-1.png\" class=\"attachment-large size-large\" alt=\"\" srcset=\"https:\/\/ancare.net.vn\/wp-content\/uploads\/2025\/11\/images-1.png 225w, https:\/\/ancare.net.vn\/wp-content\/uploads\/2025\/11\/images-1-100x100.png 100w\" sizes=\"(max-width: 225px) 100vw, 225px\" \/>\t\t\t\t\t\t\n\t\t\t\t\t<\/div>\n\t\t\t\t\t\t\t\t\n<style>\n#image_2037384173 {\n  width: 13%;\n}\n<\/style>\n\t<\/div>\n\t\n\n\n              <\/div>\n           <\/div>\n                            \n<style>\n#text-box-852474457 {\n  width: 24%;\n}\n#text-box-852474457 .text-box-content {\n  font-size: 49%;\n}\n<\/style>\n    <\/div>\n \n   <div id=\"text-box-700795563\" class=\"text-box banner-layer x5 md-x5 lg-x5 y10 md-y10 lg-y10 res-text\">\n                                <div class=\"text-box-content text dark\">\n              \n              <div class=\"text-inner text-center\">\n                  \n\n\t<div id=\"text-2014925677\" class=\"text\">\n\t\t\n\n<p>\u0110\u1ecba ch\u1ec9 tr\u1ee5 s\u1edf: 188\/34 \u0110\u01b0\u1eddng Thanh Xu\u00e2n 31, Ph\u01b0\u1eddng Th\u1edbi An, Th\u00e0nh ph\u1ed1 H\u1ed3 Ch\u00ed Minh, Vi\u1ec7t Nam<\/p>\n\t\t\n<style>\n#text-2014925677 {\n  text-align: left;\n  color: rgb(0,0,0);\n}\n#text-2014925677 > * {\n  color: rgb(0,0,0);\n}\n<\/style>\n\t<\/div>\n\t\n\n              <\/div>\n           <\/div>\n                            \n<style>\n#text-box-700795563 {\n  width: 82%;\n}\n#text-box-700795563 .text-box-content {\n  font-size: 100%;\n}\n<\/style>\n    <\/div>\n \n   <div id=\"text-box-767819876\" class=\"text-box banner-layer x0 md-x0 lg-x0 y30 md-y30 lg-y30 res-text\">\n                                <div class=\"text-box-content text dark\">\n              \n              <div class=\"text-inner text-center\">\n                  \n\n\t<div class=\"img has-hover x md-x lg-x y md-y lg-y\" id=\"image_925230825\">\n\t\t\t\t\t\t\t\t<div class=\"img-inner dark\" >\n\t\t\t<img decoding=\"async\" width=\"225\" height=\"225\" src=\"https:\/\/ancare.net.vn\/wp-content\/uploads\/2025\/11\/images-2.png\" class=\"attachment-large size-large\" alt=\"\" srcset=\"https:\/\/ancare.net.vn\/wp-content\/uploads\/2025\/11\/images-2.png 225w, https:\/\/ancare.net.vn\/wp-content\/uploads\/2025\/11\/images-2-100x100.png 100w\" sizes=\"(max-width: 225px) 100vw, 225px\" \/>\t\t\t\t\t\t\n\t\t\t\t\t<\/div>\n\t\t\t\t\t\t\t\t\n<style>\n#image_925230825 {\n  width: 100%;\n}\n<\/style>\n\t<\/div>\n\t\n\n\n              <\/div>\n           <\/div>\n                            \n<style>\n#text-box-767819876 {\n  width: 3%;\n}\n#text-box-767819876 .text-box-content {\n  font-size: 100%;\n}\n<\/style>\n    <\/div>\n \n   <div id=\"text-box-327563227\" class=\"text-box banner-layer x5 md-x5 lg-x5 y25 md-y25 lg-y25 res-text\">\n                                <div class=\"text-box-content text dark\">\n              \n              <div class=\"text-inner text-center\">\n                  \n\n\t<div id=\"text-2058831965\" class=\"text\">\n\t\t\n\n<p>Email: ancare0725@gmail.com<\/p>\n\t\t\n<style>\n#text-2058831965 {\n  text-align: left;\n  color: rgb(0,0,0);\n}\n#text-2058831965 > * {\n  color: rgb(0,0,0);\n}\n<\/style>\n\t<\/div>\n\t\n\n              <\/div>\n           <\/div>\n                            \n<style>\n#text-box-327563227 {\n  width: 60%;\n}\n#text-box-327563227 .text-box-content {\n  font-size: 100%;\n}\n<\/style>\n    <\/div>\n \n   <div id=\"text-box-194977608\" class=\"text-box banner-layer x0 md-x0 lg-x0 y50 md-y50 lg-y50 res-text\">\n                                <div class=\"text-box-content text dark\">\n              \n              <div class=\"text-inner text-center\">\n                  \n\n\t<div class=\"img has-hover x md-x lg-x y md-y lg-y\" id=\"image_1530975194\">\n\t\t\t\t\t\t\t\t<div class=\"img-inner dark\" >\n\t\t\t<img decoding=\"async\" width=\"225\" height=\"225\" src=\"https:\/\/ancare.net.vn\/wp-content\/uploads\/2025\/11\/images.png\" class=\"attachment-large size-large\" alt=\"\" srcset=\"https:\/\/ancare.net.vn\/wp-content\/uploads\/2025\/11\/images.png 225w, https:\/\/ancare.net.vn\/wp-content\/uploads\/2025\/11\/images-100x100.png 100w\" sizes=\"(max-width: 225px) 100vw, 225px\" \/>\t\t\t\t\t\t\n\t\t\t\t\t<\/div>\n\t\t\t\t\t\t\t\t\n<style>\n#image_1530975194 {\n  width: 100%;\n}\n<\/style>\n\t<\/div>\n\t\n\n\n              <\/div>\n           <\/div>\n                            \n<style>\n#text-box-194977608 {\n  width: 3%;\n}\n#text-box-194977608 .text-box-content {\n  font-size: 100%;\n}\n<\/style>\n    <\/div>\n \n   <div id=\"text-box-1858574855\" class=\"text-box banner-layer x5 md-x5 lg-x5 y50 md-y50 lg-y50 res-text\">\n                                <div class=\"text-box-content text dark\">\n              \n              <div class=\"text-inner text-center\">\n                  \n\n\t<div id=\"text-1953302087\" class=\"text\">\n\t\t\n\n<p>Hotline: 0941 960 948<\/p>\n\t\t\n<style>\n#text-1953302087 {\n  text-align: left;\n  color: rgb(0,0,0);\n}\n#text-1953302087 > * {\n  color: rgb(0,0,0);\n}\n<\/style>\n\t<\/div>\n\t\n\n              <\/div>\n           <\/div>\n                            \n<style>\n#text-box-1858574855 {\n  width: 60%;\n}\n#text-box-1858574855 .text-box-content {\n  font-size: 100%;\n}\n<\/style>\n    <\/div>\n \n   <div id=\"text-box-1039576596\" class=\"text-box banner-layer x0 md-x0 lg-x0 y90 md-y90 lg-y90 res-text\">\n                                <div class=\"text-box-content text dark\">\n              \n              <div class=\"text-inner text-center\">\n                  \n\n\t<div id=\"text-3237669093\" class=\"text\">\n\t\t\n\n<div>\n<p><span style=\"color: #333333;\">Th\u1eddi gian l\u00e0m vi\u1ec7c: 8:00 \u2013 17:00\u00a0<\/span><\/p>\n<\/div>\n<div>H\u1ed7 tr\u1ee3 kh\u00e1ch h\u00e0ng:<\/div>\n<div>\u00a0<\/div>\n<div>Zalo CSKH: 0941 960 948<\/div>\n<div>\u00a0<\/div>\n\t\t\n<style>\n#text-3237669093 {\n  line-height: 0.95;\n  text-align: left;\n  color: rgb(0,0,0);\n}\n#text-3237669093 > * {\n  color: rgb(0,0,0);\n}\n<\/style>\n\t<\/div>\n\t\n\n              <\/div>\n           <\/div>\n                            \n<style>\n#text-box-1039576596 {\n  width: 30%;\n}\n#text-box-1039576596 .text-box-content {\n  font-size: 100%;\n}\n<\/style>\n    <\/div>\n \n   <div id=\"text-box-2051476950\" class=\"text-box banner-layer x0 md-x0 lg-x0 y100 md-y100 lg-y100 res-text\">\n                                <div class=\"text-box-content text dark\">\n              \n              <div class=\"text-inner text-center\">\n                  \n\n<div class=\"social-icons follow-icons full-width text-left\" ><a href=\"https:\/\/www.facebook.com\/profile.php?id=61578856203242\" target=\"_blank\" data-label=\"Facebook\" class=\"icon primary button circle facebook tooltip\" title=\"Theo d\u00f5i tr\u00ean Facebook\" aria-label=\"Theo d\u00f5i tr\u00ean Facebook\" rel=\"noopener nofollow\" ><i class=\"icon-facebook\" ><\/i><\/a><a href=\"https:\/\/www.tiktok.com\/@an.care?is_from_webapp=1&sender_device=pc\" target=\"_blank\" data-label=\"TikTok\" class=\"icon primary button circle tiktok tooltip\" title=\"Theo d\u00f5i tr\u00ean TikTok\" aria-label=\"Theo d\u00f5i tr\u00ean TikTok\" rel=\"noopener nofollow\" ><i class=\"icon-tiktok\" ><\/i><\/a><\/div>\n\n\n              <\/div>\n           <\/div>\n                            \n<style>\n#text-box-2051476950 {\n  width: 60%;\n}\n#text-box-2051476950 .text-box-content {\n  font-size: 100%;\n}\n<\/style>\n    <\/div>\n \n   <div id=\"text-box-1315567770\" class=\"text-box banner-layer x90 md-x90 lg-x90 y80 md-y80 lg-y80 res-text\">\n                                <div class=\"text-box-content text dark\">\n              \n              <div class=\"text-inner text-center\">\n                  \n\n\t<div id=\"text-1785060256\" class=\"text\">\n\t\t\n\n<p style=\"text-align: left;\"><strong>\u0110\u01a1n v\u1ecb ch\u1ecbu tr\u00e1ch nhi\u1ec7m:<\/strong> C\u00f4ng ty TNHH MK Vi\u1ec7t S\u1eafc<\/p>\n<p style=\"text-align: left;\">S\u1ea3n xu\u1ea5t t\u1ea1i Vi\u1ec7t Nam<\/p>\n<p style=\"text-align: left;\"><strong>SHOPEE:<\/strong> <a href=\"https:\/\/shopee.vn\/shop\/1003185385\">https:\/\/shopee.vn\/shop\/1003185385<\/a><\/p>\n\t\t\n<style>\n#text-1785060256 {\n  line-height: 1.1;\n  color: rgb(0,0,0);\n}\n#text-1785060256 > * {\n  color: rgb(0,0,0);\n}\n<\/style>\n\t<\/div>\n\t\n\n              <\/div>\n           <\/div>\n                            \n<style>\n#text-box-1315567770 {\n  width: 57%;\n}\n#text-box-1315567770 .text-box-content {\n  font-size: 100%;\n}\n<\/style>\n    <\/div>\n \n\n        <\/div>\n      <\/div>\n\n            \n<style>\n#banner-986504782 {\n  padding-top: 339px;\n}\n#banner-986504782 .overlay {\n  background-color: rgb(255, 255, 255);\n}\n<\/style>\n  <\/div>\n\n\n\n\t\t<\/div>\n\t\t\t\t\t<\/div>\n\n\t\n\n<\/div>\n\n\t\t<\/div>\n\t\t\t\t\n<style>\n#col-546896751 > .col-inner {\n  padding: 50px 20px 0px 20px;\n  margin: -0 0px 0px 0px;\n}\n@media (min-width:550px) {\n  #col-546896751 > .col-inner {\n    padding: 50px 20px 30px 20px;\n    margin: 0 0px 0px 0px;\n  }\n}\n@media (min-width:850px) {\n  #col-546896751 > .col-inner {\n    padding: 66px 5% 16px 5%;\n    margin: -135px 0px 0px 0px;\n  }\n}\n<\/style>\n\t<\/div>\n\n\t\n\n<\/div>\n\t<section class=\"section\" id=\"section_1363519889\">\n\t\t<div class=\"bg section-bg fill bg-fill  \" >\n\n\t\t\t\n\t\t\t\n\t\t\t\n\n\t\t<\/div>\n\n\t\t\n\n\t\t<div class=\"section-content relative\">\n\t\t\t\n\n\t<div id=\"gap-1930434350\" class=\"gap-element clearfix\" style=\"display:block; height:auto;\">\n\t\t\n<style>\n#gap-1930434350 {\n  padding-top: 30px;\n}\n<\/style>\n\t<\/div>\n\t\n\n<div class=\"row align-center\"  id=\"row-421716711\">\n\n\n\t<div id=\"col-567569725\" class=\"col medium-8 small-12 large-6\"  >\n\t\t\t\t<div class=\"col-inner text-center\" style=\"background-color:rgba(255, 255, 255, 0.84);\" >\n\t\t\t\n\t\t\t\n\n\t<div id=\"text-2794456321\" class=\"text\">\n\t\t\n\n<p><strong>C\u1ea3m \u01a1n b\u1ea1n \u0111\u00e3 tin y\u00eau \u2013 ch\u00fang t\u00f4i lu\u00f4n \u1edf \u0111\u00e2y v\u00ec b\u1ea1n.<\/strong><\/p>\n\t\t\n<style>\n#text-2794456321 {\n  font-size: 1.25rem;\n  color: rgb(0,0,0);\n}\n#text-2794456321 > * {\n  color: rgb(0,0,0);\n}\n<\/style>\n\t<\/div>\n\t\n\t<div id=\"gap-549666631\" class=\"gap-element clearfix\" style=\"display:block; height:auto;\">\n\t\t\n<style>\n#gap-549666631 {\n  padding-top: 10px;\n}\n<\/style>\n\t<\/div>\n\t\n\n\n\t\t<\/div>\n\t\t\t\t\n<style>\n#col-567569725 > .col-inner {\n  padding: 50px 30px 10px 30px;\n  border-radius: 10px;\n}\n@media (min-width:550px) {\n  #col-567569725 > .col-inner {\n    padding: 70px 70px 30px 70px;\n  }\n}\n<\/style>\n\t<\/div>\n\n\t\n\n<\/div>\n\n\t\t<\/div>\n\n\t\t\n<style>\n#section_1363519889 {\n  padding-top: 60px;\n  padding-bottom: 60px;\n}\n#section_1363519889 .section-bg.bg-loaded {\n  background-image: url(https:\/\/ancare.net.vn\/wp-content\/uploads\/2025\/11\/3-2-scaled.png);\n}\n@media (min-width:550px) {\n  #section_1363519889 {\n    padding-top: 90px;\n    padding-bottom: 90px;\n  }\n}\n<\/style>\n\t<\/section>\n\t\n\n","protected":false},"excerpt":{"rendered":"","protected":false},"author":1,"featured_media":0,"parent":0,"menu_order":0,"comment_status":"closed","ping_status":"closed","template":"page-blank.php","meta":{"footnotes":""},"class_list":["post-508","page","type-page","status-publish","hentry"],"jetpack_sharing_enabled":true,"_links":{"self":[{"href":"https:\/\/ancare.net.vn\/index.php?rest_route=\/wp\/v2\/pages\/508","targetHints":{"allow":["GET"]}}],"collection":[{"href":"https:\/\/ancare.net.vn\/index.php?rest_route=\/wp\/v2\/pages"}],"about":[{"href":"https:\/\/ancare.net.vn\/index.php?rest_route=\/wp\/v2\/types\/page"}],"author":[{"embeddable":true,"href":"https:\/\/ancare.net.vn\/index.php?rest_route=\/wp\/v2\/users\/1"}],"replies":[{"embeddable":true,"href":"https:\/\/ancare.net.vn\/index.php?rest_route=%2Fwp%2Fv2%2Fcomments&post=508"}],"version-history":[{"count":25,"href":"https:\/\/ancare.net.vn\/index.php?rest_route=\/wp\/v2\/pages\/508\/revisions"}],"predecessor-version":[{"id":2043,"href":"https:\/\/ancare.net.vn\/index.php?rest_route=\/wp\/v2\/pages\/508\/revisions\/2043"}],"wp:attachment":[{"href":"https:\/\/ancare.net.vn\/index.php?rest_route=%2Fwp%2Fv2%2Fmedia&parent=508"}],"curies":[{"name":"wp","href":"https:\/\/api.w.org\/{rel}","templated":true}]}}